{"id":34090,"date":"2025-11-11T16:04:04","date_gmt":"2025-11-11T13:04:04","guid":{"rendered":"https:\/\/www.ektautomotive.com\/urun\/renault-magnum-birim-pompa-valfi-920-815\/"},"modified":"2025-11-28T22:23:00","modified_gmt":"2025-11-28T19:23:00","slug":"renault-magnum-unit-pump-valve-920-815","status":"publish","type":"product","link":"https:\/\/www.ektautomotive.com\/en\/products\/renault-magnum-unit-pump-valve-920-815\/","title":{"rendered":"Renault Magnum Unit Pump Valve"},"content":{"rendered":"","protected":false},"excerpt":{"rendered":"<p>Produced with EKT Automotive quality, the Bayfix Renault Magnum Unit Pump Valve is available in size options ranging from 7.000 mm to 7.040 mm, with 0.005 mm increments, ensuring full compatibility with Bosch systems used in Renault and Mack Motors vehicles.<br \/>\nWith its precision manufacturing, it delivers high performance and long-lasting durability.<\/p>\n","protected":false},"featured_media":34091,"template":"","meta":[],"product_brand":[3274],"product_cat":[1217],"product_tag":[],"class_list":{"0":"post-34090","1":"product","2":"type-product","3":"status-publish","4":"has-post-thumbnail","6":"product_brand-bayfix","7":"product_cat-spacer-parts","9":"first","10":"instock","11":"purchasable","12":"product-type-variable"},"yoast_head":"<!-- This site is optimized with the Yoast SEO Premium plugin v26.5 (Yoast SEO v26.5) - https:\/\/yoast.com\/wordpress\/plugins\/seo\/ -->\n<title>Renault Magnum Unit Pump Valve - EKT Automotive<\/title>\n<meta name=\"robots\" content=\"index, follow, max-snippet:-1, max-image-preview:large, max-video-preview:-1\" \/>\n<link rel=\"canonical\" href=\"https:\/\/www.ektautomotive.com\/en\/products\/renault-magnum-unit-pump-valve-920-815\/\" \/>\n<meta property=\"og:locale\" content=\"en_US\" \/>\n<meta property=\"og:type\" content=\"article\" \/>\n<meta property=\"og:title\" content=\"Renault Magnum Unit Pump Valve\" \/>\n<meta property=\"og:description\" content=\"Produced with EKT Automotive quality, the Bayfix Renault Magnum Unit Pump Valve is available in size options ranging from 7.000 mm to 7.040 mm, with 0.005 mm increments, ensuring full compatibility with Bosch systems used in Renault and Mack Motors vehicles. With its precision manufacturing, it delivers high performance and long-lasting durability.\" \/>\n<meta property=\"og:url\" content=\"https:\/\/www.ektautomotive.com\/en\/products\/renault-magnum-unit-pump-valve-920-815\/\" \/>\n<meta property=\"og:site_name\" content=\"EKT Automotive\" \/>\n<meta property=\"article:modified_time\" content=\"2025-11-28T19:23:00+00:00\" \/>\n<meta property=\"og:image\" content=\"https:\/\/www.ektautomotive.com\/wp-content\/uploads\/2025\/11\/920-815-Renault-Magnum-Birim-Pompa-Valfi.png\" \/>\n\t<meta property=\"og:image:width\" content=\"1500\" \/>\n\t<meta property=\"og:image:height\" content=\"1500\" \/>\n\t<meta property=\"og:image:type\" content=\"image\/png\" \/>\n<meta name=\"twitter:card\" content=\"summary_large_image\" \/>\n<meta name=\"twitter:label1\" content=\"Availability\" \/>\n\t<meta name=\"twitter:data1\" content=\"In stock\" \/>\n<script type=\"application\/ld+json\" class=\"yoast-schema-graph\">{\"@context\":\"https:\/\/schema.org\",\"@graph\":[{\"@type\":\"WebPage\",\"@id\":\"https:\/\/www.ektautomotive.com\/en\/products\/renault-magnum-unit-pump-valve-920-815\/\",\"url\":\"https:\/\/www.ektautomotive.com\/en\/products\/renault-magnum-unit-pump-valve-920-815\/\",\"name\":\"Renault Magnum Unit Pump Valve - EKT Automotive\",\"isPartOf\":{\"@id\":\"https:\/\/www.ektautomotive.com\/en\/#website\"},\"primaryImageOfPage\":{\"@id\":\"https:\/\/www.ektautomotive.com\/en\/products\/renault-magnum-unit-pump-valve-920-815\/#primaryimage\"},\"image\":{\"@id\":\"https:\/\/www.ektautomotive.com\/en\/products\/renault-magnum-unit-pump-valve-920-815\/#primaryimage\"},\"thumbnailUrl\":\"https:\/\/www.ektautomotive.com\/wp-content\/uploads\/2025\/11\/920-815-Renault-Magnum-Birim-Pompa-Valfi.png\",\"datePublished\":\"2025-11-11T13:04:04+00:00\",\"dateModified\":\"2025-11-28T19:23:00+00:00\",\"breadcrumb\":{\"@id\":\"https:\/\/www.ektautomotive.com\/en\/products\/renault-magnum-unit-pump-valve-920-815\/#breadcrumb\"},\"inLanguage\":\"en-US\",\"potentialAction\":[{\"@type\":\"ReadAction\",\"target\":[\"https:\/\/www.ektautomotive.com\/en\/products\/renault-magnum-unit-pump-valve-920-815\/\"]}]},{\"@type\":\"ImageObject\",\"inLanguage\":\"en-US\",\"@id\":\"https:\/\/www.ektautomotive.com\/en\/products\/renault-magnum-unit-pump-valve-920-815\/#primaryimage\",\"url\":\"https:\/\/www.ektautomotive.com\/wp-content\/uploads\/2025\/11\/920-815-Renault-Magnum-Birim-Pompa-Valfi.png\",\"contentUrl\":\"https:\/\/www.ektautomotive.com\/wp-content\/uploads\/2025\/11\/920-815-Renault-Magnum-Birim-Pompa-Valfi.png\",\"width\":1500,\"height\":1500},{\"@type\":\"BreadcrumbList\",\"@id\":\"https:\/\/www.ektautomotive.com\/en\/products\/renault-magnum-unit-pump-valve-920-815\/#breadcrumb\",\"itemListElement\":[{\"@type\":\"ListItem\",\"position\":1,\"name\":\"Homepage\",\"item\":\"https:\/\/www.ektautomotive.com\/en\/\"},{\"@type\":\"ListItem\",\"position\":2,\"name\":\"Products\",\"item\":\"https:\/\/www.ektautomotive.com\/en\/products\/\"},{\"@type\":\"ListItem\",\"position\":3,\"name\":\"Renault Magnum Unit Pump Valve\"}]},{\"@type\":\"WebSite\",\"@id\":\"https:\/\/www.ektautomotive.com\/en\/#website\",\"url\":\"https:\/\/www.ektautomotive.com\/en\/\",\"name\":\"EKT Automotive\",\"description\":\"Dizel Enjekt\u00f6r ve Pompa Yedek Par\u00e7alar\u0131\",\"publisher\":{\"@id\":\"https:\/\/www.ektautomotive.com\/en\/#organization\"},\"potentialAction\":[{\"@type\":\"SearchAction\",\"target\":{\"@type\":\"EntryPoint\",\"urlTemplate\":\"https:\/\/www.ektautomotive.com\/en\/?s={search_term_string}\"},\"query-input\":{\"@type\":\"PropertyValueSpecification\",\"valueRequired\":true,\"valueName\":\"search_term_string\"}}],\"inLanguage\":\"en-US\"},{\"@type\":\"Organization\",\"@id\":\"https:\/\/www.ektautomotive.com\/en\/#organization\",\"name\":\"EKT Automotive\",\"url\":\"https:\/\/www.ektautomotive.com\/en\/\",\"logo\":{\"@type\":\"ImageObject\",\"inLanguage\":\"en-US\",\"@id\":\"https:\/\/www.ektautomotive.com\/en\/#\/schema\/logo\/image\/\",\"url\":\"https:\/\/www.ektautomotive.com\/wp-content\/uploads\/2025\/11\/ekt-automotive-logo-dizel-enjektor.svg\",\"contentUrl\":\"https:\/\/www.ektautomotive.com\/wp-content\/uploads\/2025\/11\/ekt-automotive-logo-dizel-enjektor.svg\",\"width\":1629,\"height\":366,\"caption\":\"EKT Automotive\"},\"image\":{\"@id\":\"https:\/\/www.ektautomotive.com\/en\/#\/schema\/logo\/image\/\"},\"description\":\"EKT Automotive, dizel enjekt\u00f6r ve pompa sistemleri i\u00e7in y\u00fcksek hassasiyetli yedek par\u00e7alar \u00fcreten, kalite ve g\u00fcvenilirli\u011fi \u00f6n planda tutan bir m\u00fchendislik markas\u0131d\u0131r. Ayar \u015fimleri, rakor grubu, geri d\u00f6n\u00fc\u015f hatt\u0131 par\u00e7alar\u0131 ve O-ring gibi kritik bile\u015fenlerde profesyonel \u00e7\u00f6z\u00fcmler sunarak d\u00fcnyan\u0131n farkl\u0131 b\u00f6lgelerine g\u00fcvenle tedarik sa\u011flamaktad\u0131r.\",\"email\":\"info@ektautomotive.com\",\"telephone\":\"+905449090658\",\"legalName\":\"EKT Automotive A.\u015e.\",\"foundingDate\":\"2008-01-01\",\"numberOfEmployees\":{\"@type\":\"QuantitativeValue\",\"minValue\":\"1\",\"maxValue\":\"10\"}}]}<\/script>\n<meta property=\"og:availability\" content=\"instock\" \/>\n<meta property=\"product:availability\" content=\"instock\" \/>\n<meta property=\"product:retailer_item_id\" content=\"920 815\" \/>\n<meta property=\"product:condition\" content=\"new\" \/>\n<!-- \/ Yoast SEO Premium plugin. -->","yoast_head_json":{"title":"Renault Magnum Unit Pump Valve - EKT Automotive","robots":{"index":"index","follow":"follow","max-snippet":"max-snippet:-1","max-image-preview":"max-image-preview:large","max-video-preview":"max-video-preview:-1"},"canonical":"https:\/\/www.ektautomotive.com\/en\/products\/renault-magnum-unit-pump-valve-920-815\/","og_locale":"en_US","og_type":"article","og_title":"Renault Magnum Unit Pump Valve","og_description":"Produced with EKT Automotive quality, the Bayfix Renault Magnum Unit Pump Valve is available in size options ranging from 7.000 mm to 7.040 mm, with 0.005 mm increments, ensuring full compatibility with Bosch systems used in Renault and Mack Motors vehicles. With its precision manufacturing, it delivers high performance and long-lasting durability.","og_url":"https:\/\/www.ektautomotive.com\/en\/products\/renault-magnum-unit-pump-valve-920-815\/","og_site_name":"EKT Automotive","article_modified_time":"2025-11-28T19:23:00+00:00","og_image":[{"width":1500,"height":1500,"url":"https:\/\/www.ektautomotive.com\/wp-content\/uploads\/2025\/11\/920-815-Renault-Magnum-Birim-Pompa-Valfi.png","type":"image\/png"}],"twitter_card":"summary_large_image","twitter_misc":{"Availability":"In stock"},"schema":{"@context":"https:\/\/schema.org","@graph":[{"@type":"WebPage","@id":"https:\/\/www.ektautomotive.com\/en\/products\/renault-magnum-unit-pump-valve-920-815\/","url":"https:\/\/www.ektautomotive.com\/en\/products\/renault-magnum-unit-pump-valve-920-815\/","name":"Renault Magnum Unit Pump Valve - EKT Automotive","isPartOf":{"@id":"https:\/\/www.ektautomotive.com\/en\/#website"},"primaryImageOfPage":{"@id":"https:\/\/www.ektautomotive.com\/en\/products\/renault-magnum-unit-pump-valve-920-815\/#primaryimage"},"image":{"@id":"https:\/\/www.ektautomotive.com\/en\/products\/renault-magnum-unit-pump-valve-920-815\/#primaryimage"},"thumbnailUrl":"https:\/\/www.ektautomotive.com\/wp-content\/uploads\/2025\/11\/920-815-Renault-Magnum-Birim-Pompa-Valfi.png","datePublished":"2025-11-11T13:04:04+00:00","dateModified":"2025-11-28T19:23:00+00:00","breadcrumb":{"@id":"https:\/\/www.ektautomotive.com\/en\/products\/renault-magnum-unit-pump-valve-920-815\/#breadcrumb"},"inLanguage":"en-US","potentialAction":[{"@type":"ReadAction","target":["https:\/\/www.ektautomotive.com\/en\/products\/renault-magnum-unit-pump-valve-920-815\/"]}]},{"@type":"ImageObject","inLanguage":"en-US","@id":"https:\/\/www.ektautomotive.com\/en\/products\/renault-magnum-unit-pump-valve-920-815\/#primaryimage","url":"https:\/\/www.ektautomotive.com\/wp-content\/uploads\/2025\/11\/920-815-Renault-Magnum-Birim-Pompa-Valfi.png","contentUrl":"https:\/\/www.ektautomotive.com\/wp-content\/uploads\/2025\/11\/920-815-Renault-Magnum-Birim-Pompa-Valfi.png","width":1500,"height":1500},{"@type":"BreadcrumbList","@id":"https:\/\/www.ektautomotive.com\/en\/products\/renault-magnum-unit-pump-valve-920-815\/#breadcrumb","itemListElement":[{"@type":"ListItem","position":1,"name":"Homepage","item":"https:\/\/www.ektautomotive.com\/en\/"},{"@type":"ListItem","position":2,"name":"Products","item":"https:\/\/www.ektautomotive.com\/en\/products\/"},{"@type":"ListItem","position":3,"name":"Renault Magnum Unit Pump Valve"}]},{"@type":"WebSite","@id":"https:\/\/www.ektautomotive.com\/en\/#website","url":"https:\/\/www.ektautomotive.com\/en\/","name":"EKT Automotive","description":"Dizel Enjekt\u00f6r ve Pompa Yedek Par\u00e7alar\u0131","publisher":{"@id":"https:\/\/www.ektautomotive.com\/en\/#organization"},"potentialAction":[{"@type":"SearchAction","target":{"@type":"EntryPoint","urlTemplate":"https:\/\/www.ektautomotive.com\/en\/?s={search_term_string}"},"query-input":{"@type":"PropertyValueSpecification","valueRequired":true,"valueName":"search_term_string"}}],"inLanguage":"en-US"},{"@type":"Organization","@id":"https:\/\/www.ektautomotive.com\/en\/#organization","name":"EKT Automotive","url":"https:\/\/www.ektautomotive.com\/en\/","logo":{"@type":"ImageObject","inLanguage":"en-US","@id":"https:\/\/www.ektautomotive.com\/en\/#\/schema\/logo\/image\/","url":"https:\/\/www.ektautomotive.com\/wp-content\/uploads\/2025\/11\/ekt-automotive-logo-dizel-enjektor.svg","contentUrl":"https:\/\/www.ektautomotive.com\/wp-content\/uploads\/2025\/11\/ekt-automotive-logo-dizel-enjektor.svg","width":1629,"height":366,"caption":"EKT Automotive"},"image":{"@id":"https:\/\/www.ektautomotive.com\/en\/#\/schema\/logo\/image\/"},"description":"EKT Automotive, dizel enjekt\u00f6r ve pompa sistemleri i\u00e7in y\u00fcksek hassasiyetli yedek par\u00e7alar \u00fcreten, kalite ve g\u00fcvenilirli\u011fi \u00f6n planda tutan bir m\u00fchendislik markas\u0131d\u0131r. Ayar \u015fimleri, rakor grubu, geri d\u00f6n\u00fc\u015f hatt\u0131 par\u00e7alar\u0131 ve O-ring gibi kritik bile\u015fenlerde profesyonel \u00e7\u00f6z\u00fcmler sunarak d\u00fcnyan\u0131n farkl\u0131 b\u00f6lgelerine g\u00fcvenle tedarik sa\u011flamaktad\u0131r.","email":"info@ektautomotive.com","telephone":"+905449090658","legalName":"EKT Automotive A.\u015e.","foundingDate":"2008-01-01","numberOfEmployees":{"@type":"QuantitativeValue","minValue":"1","maxValue":"10"}}]},"og_availability":"instock","product_availability":"instock","product_retailer_item_id":"920 815","product_condition":"new"},"_links":{"self":[{"href":"https:\/\/www.ektautomotive.com\/en\/wp-json\/wp\/v2\/product\/34090","targetHints":{"allow":["GET"]}}],"collection":[{"href":"https:\/\/www.ektautomotive.com\/en\/wp-json\/wp\/v2\/product"}],"about":[{"href":"https:\/\/www.ektautomotive.com\/en\/wp-json\/wp\/v2\/types\/product"}],"version-history":[{"count":1,"href":"https:\/\/www.ektautomotive.com\/en\/wp-json\/wp\/v2\/product\/34090\/revisions"}],"predecessor-version":[{"id":39241,"href":"https:\/\/www.ektautomotive.com\/en\/wp-json\/wp\/v2\/product\/34090\/revisions\/39241"}],"wp:featuredmedia":[{"embeddable":true,"href":"https:\/\/www.ektautomotive.com\/en\/wp-json\/wp\/v2\/media\/34091"}],"wp:attachment":[{"href":"https:\/\/www.ektautomotive.com\/en\/wp-json\/wp\/v2\/media?parent=34090"}],"wp:term":[{"taxonomy":"product_brand","embeddable":true,"href":"https:\/\/www.ektautomotive.com\/en\/wp-json\/wp\/v2\/product_brand?post=34090"},{"taxonomy":"product_cat","embeddable":true,"href":"https:\/\/www.ektautomotive.com\/en\/wp-json\/wp\/v2\/product_cat?post=34090"},{"taxonomy":"product_tag","embeddable":true,"href":"https:\/\/www.ektautomotive.com\/en\/wp-json\/wp\/v2\/product_tag?post=34090"}],"curies":[{"name":"wp","href":"https:\/\/api.w.org\/{rel}","templated":true}]}}