{"id":36054,"date":"2025-11-12T20:26:54","date_gmt":"2025-11-12T17:26:54","guid":{"rendered":"https:\/\/www.ektautomotive.com\/urun\/bosch-piezo-hortum-akis-kontrol-valfi-930-284\/"},"modified":"2025-11-28T22:30:30","modified_gmt":"2025-11-28T19:30:30","slug":"bosch-piezo-hose-flow-control-valve-930-284","status":"publish","type":"product","link":"https:\/\/www.ektautomotive.com\/en\/products\/bosch-piezo-hose-flow-control-valve-930-284\/","title":{"rendered":"Bosch Piezo Hose Flow Control Valve"},"content":{"rendered":"","protected":false},"excerpt":{"rendered":"","protected":false},"featured_media":36055,"template":"","meta":[],"product_brand":[3274],"product_cat":[1225],"product_tag":[],"class_list":{"0":"post-36054","1":"product","2":"type-product","3":"status-publish","4":"has-post-thumbnail","6":"product_brand-bayfix","7":"product_cat-injector-return-line-plastics","9":"first","10":"instock","11":"purchasable","12":"product-type-simple"},"yoast_head":"<!-- This site is optimized with the Yoast SEO Premium plugin v26.5 (Yoast SEO v26.5) - https:\/\/yoast.com\/wordpress\/plugins\/seo\/ -->\n<title>Bosch Piezo Hose Flow Control Valve - EKT Automotive<\/title>\n<meta name=\"robots\" content=\"index, follow, max-snippet:-1, max-image-preview:large, max-video-preview:-1\" \/>\n<link rel=\"canonical\" href=\"https:\/\/www.ektautomotive.com\/en\/products\/bosch-piezo-hose-flow-control-valve-930-284\/\" \/>\n<meta property=\"og:locale\" content=\"en_US\" \/>\n<meta property=\"og:type\" content=\"article\" \/>\n<meta property=\"og:title\" content=\"Bosch Piezo Hose Flow Control Valve\" \/>\n<meta property=\"og:url\" content=\"https:\/\/www.ektautomotive.com\/en\/products\/bosch-piezo-hose-flow-control-valve-930-284\/\" \/>\n<meta property=\"og:site_name\" content=\"EKT Automotive\" \/>\n<meta property=\"article:modified_time\" content=\"2025-11-28T19:30:30+00:00\" \/>\n<meta property=\"og:image\" content=\"https:\/\/www.ektautomotive.com\/wp-content\/uploads\/2025\/11\/930-284-Bayfix-Bosch-Piezo-Hortum-Akis-Kontrol-Valfi.png\" \/>\n\t<meta property=\"og:image:width\" content=\"1500\" \/>\n\t<meta property=\"og:image:height\" content=\"1500\" \/>\n\t<meta property=\"og:image:type\" content=\"image\/png\" \/>\n<meta name=\"twitter:card\" content=\"summary_large_image\" \/>\n<meta name=\"twitter:label1\" content=\"Price\" \/>\n\t<meta name=\"twitter:data1\" content=\"1,00&nbsp;&#8381;\" \/>\n\t<meta name=\"twitter:label2\" content=\"Availability\" \/>\n\t<meta name=\"twitter:data2\" content=\"In stock\" \/>\n<script type=\"application\/ld+json\" class=\"yoast-schema-graph\">{\"@context\":\"https:\/\/schema.org\",\"@graph\":[{\"@type\":\"WebPage\",\"@id\":\"https:\/\/www.ektautomotive.com\/en\/products\/bosch-piezo-hose-flow-control-valve-930-284\/\",\"url\":\"https:\/\/www.ektautomotive.com\/en\/products\/bosch-piezo-hose-flow-control-valve-930-284\/\",\"name\":\"Bosch Piezo Hose Flow Control Valve - EKT Automotive\",\"isPartOf\":{\"@id\":\"https:\/\/www.ektautomotive.com\/en\/#website\"},\"primaryImageOfPage\":{\"@id\":\"https:\/\/www.ektautomotive.com\/en\/products\/bosch-piezo-hose-flow-control-valve-930-284\/#primaryimage\"},\"image\":{\"@id\":\"https:\/\/www.ektautomotive.com\/en\/products\/bosch-piezo-hose-flow-control-valve-930-284\/#primaryimage\"},\"thumbnailUrl\":\"https:\/\/www.ektautomotive.com\/wp-content\/uploads\/2025\/11\/930-284-Bayfix-Bosch-Piezo-Hortum-Akis-Kontrol-Valfi.png\",\"datePublished\":\"2025-11-12T17:26:54+00:00\",\"dateModified\":\"2025-11-28T19:30:30+00:00\",\"breadcrumb\":{\"@id\":\"https:\/\/www.ektautomotive.com\/en\/products\/bosch-piezo-hose-flow-control-valve-930-284\/#breadcrumb\"},\"inLanguage\":\"en-US\",\"potentialAction\":[{\"@type\":\"ReadAction\",\"target\":[\"https:\/\/www.ektautomotive.com\/en\/products\/bosch-piezo-hose-flow-control-valve-930-284\/\"]}]},{\"@type\":\"ImageObject\",\"inLanguage\":\"en-US\",\"@id\":\"https:\/\/www.ektautomotive.com\/en\/products\/bosch-piezo-hose-flow-control-valve-930-284\/#primaryimage\",\"url\":\"https:\/\/www.ektautomotive.com\/wp-content\/uploads\/2025\/11\/930-284-Bayfix-Bosch-Piezo-Hortum-Akis-Kontrol-Valfi.png\",\"contentUrl\":\"https:\/\/www.ektautomotive.com\/wp-content\/uploads\/2025\/11\/930-284-Bayfix-Bosch-Piezo-Hortum-Akis-Kontrol-Valfi.png\",\"width\":1500,\"height\":1500},{\"@type\":\"BreadcrumbList\",\"@id\":\"https:\/\/www.ektautomotive.com\/en\/products\/bosch-piezo-hose-flow-control-valve-930-284\/#breadcrumb\",\"itemListElement\":[{\"@type\":\"ListItem\",\"position\":1,\"name\":\"Homepage\",\"item\":\"https:\/\/www.ektautomotive.com\/en\/\"},{\"@type\":\"ListItem\",\"position\":2,\"name\":\"Products\",\"item\":\"https:\/\/www.ektautomotive.com\/en\/products\/\"},{\"@type\":\"ListItem\",\"position\":3,\"name\":\"Bosch Piezo Hose Flow Control Valve\"}]},{\"@type\":\"WebSite\",\"@id\":\"https:\/\/www.ektautomotive.com\/en\/#website\",\"url\":\"https:\/\/www.ektautomotive.com\/en\/\",\"name\":\"EKT Automotive\",\"description\":\"Dizel Enjekt\u00f6r ve Pompa Yedek Par\u00e7alar\u0131\",\"publisher\":{\"@id\":\"https:\/\/www.ektautomotive.com\/en\/#organization\"},\"potentialAction\":[{\"@type\":\"SearchAction\",\"target\":{\"@type\":\"EntryPoint\",\"urlTemplate\":\"https:\/\/www.ektautomotive.com\/en\/?s={search_term_string}\"},\"query-input\":{\"@type\":\"PropertyValueSpecification\",\"valueRequired\":true,\"valueName\":\"search_term_string\"}}],\"inLanguage\":\"en-US\"},{\"@type\":\"Organization\",\"@id\":\"https:\/\/www.ektautomotive.com\/en\/#organization\",\"name\":\"EKT Automotive\",\"url\":\"https:\/\/www.ektautomotive.com\/en\/\",\"logo\":{\"@type\":\"ImageObject\",\"inLanguage\":\"en-US\",\"@id\":\"https:\/\/www.ektautomotive.com\/en\/#\/schema\/logo\/image\/\",\"url\":\"https:\/\/www.ektautomotive.com\/wp-content\/uploads\/2025\/11\/ekt-automotive-logo-dizel-enjektor.svg\",\"contentUrl\":\"https:\/\/www.ektautomotive.com\/wp-content\/uploads\/2025\/11\/ekt-automotive-logo-dizel-enjektor.svg\",\"width\":1629,\"height\":366,\"caption\":\"EKT Automotive\"},\"image\":{\"@id\":\"https:\/\/www.ektautomotive.com\/en\/#\/schema\/logo\/image\/\"},\"description\":\"EKT Automotive, dizel enjekt\u00f6r ve pompa sistemleri i\u00e7in y\u00fcksek hassasiyetli yedek par\u00e7alar \u00fcreten, kalite ve g\u00fcvenilirli\u011fi \u00f6n planda tutan bir m\u00fchendislik markas\u0131d\u0131r. Ayar \u015fimleri, rakor grubu, geri d\u00f6n\u00fc\u015f hatt\u0131 par\u00e7alar\u0131 ve O-ring gibi kritik bile\u015fenlerde profesyonel \u00e7\u00f6z\u00fcmler sunarak d\u00fcnyan\u0131n farkl\u0131 b\u00f6lgelerine g\u00fcvenle tedarik sa\u011flamaktad\u0131r.\",\"email\":\"info@ektautomotive.com\",\"telephone\":\"+905449090658\",\"legalName\":\"EKT Automotive A.\u015e.\",\"foundingDate\":\"2008-01-01\",\"numberOfEmployees\":{\"@type\":\"QuantitativeValue\",\"minValue\":\"1\",\"maxValue\":\"10\"}}]}<\/script>\n<meta property=\"product:price:amount\" content=\"1.00\" \/>\n<meta property=\"product:price:currency\" content=\"RUB\" \/>\n<meta property=\"og:availability\" content=\"instock\" \/>\n<meta property=\"product:availability\" content=\"instock\" \/>\n<meta property=\"product:retailer_item_id\" content=\"930 284\" \/>\n<meta property=\"product:condition\" content=\"new\" \/>\n<!-- \/ Yoast SEO Premium plugin. -->","yoast_head_json":{"title":"Bosch Piezo Hose Flow Control Valve - EKT Automotive","robots":{"index":"index","follow":"follow","max-snippet":"max-snippet:-1","max-image-preview":"max-image-preview:large","max-video-preview":"max-video-preview:-1"},"canonical":"https:\/\/www.ektautomotive.com\/en\/products\/bosch-piezo-hose-flow-control-valve-930-284\/","og_locale":"en_US","og_type":"article","og_title":"Bosch Piezo Hose Flow Control Valve","og_url":"https:\/\/www.ektautomotive.com\/en\/products\/bosch-piezo-hose-flow-control-valve-930-284\/","og_site_name":"EKT Automotive","article_modified_time":"2025-11-28T19:30:30+00:00","og_image":[{"width":1500,"height":1500,"url":"https:\/\/www.ektautomotive.com\/wp-content\/uploads\/2025\/11\/930-284-Bayfix-Bosch-Piezo-Hortum-Akis-Kontrol-Valfi.png","type":"image\/png"}],"twitter_card":"summary_large_image","twitter_misc":{"Price":"1,00&nbsp;&#8381;","Availability":"In stock"},"schema":{"@context":"https:\/\/schema.org","@graph":[{"@type":"WebPage","@id":"https:\/\/www.ektautomotive.com\/en\/products\/bosch-piezo-hose-flow-control-valve-930-284\/","url":"https:\/\/www.ektautomotive.com\/en\/products\/bosch-piezo-hose-flow-control-valve-930-284\/","name":"Bosch Piezo Hose Flow Control Valve - EKT Automotive","isPartOf":{"@id":"https:\/\/www.ektautomotive.com\/en\/#website"},"primaryImageOfPage":{"@id":"https:\/\/www.ektautomotive.com\/en\/products\/bosch-piezo-hose-flow-control-valve-930-284\/#primaryimage"},"image":{"@id":"https:\/\/www.ektautomotive.com\/en\/products\/bosch-piezo-hose-flow-control-valve-930-284\/#primaryimage"},"thumbnailUrl":"https:\/\/www.ektautomotive.com\/wp-content\/uploads\/2025\/11\/930-284-Bayfix-Bosch-Piezo-Hortum-Akis-Kontrol-Valfi.png","datePublished":"2025-11-12T17:26:54+00:00","dateModified":"2025-11-28T19:30:30+00:00","breadcrumb":{"@id":"https:\/\/www.ektautomotive.com\/en\/products\/bosch-piezo-hose-flow-control-valve-930-284\/#breadcrumb"},"inLanguage":"en-US","potentialAction":[{"@type":"ReadAction","target":["https:\/\/www.ektautomotive.com\/en\/products\/bosch-piezo-hose-flow-control-valve-930-284\/"]}]},{"@type":"ImageObject","inLanguage":"en-US","@id":"https:\/\/www.ektautomotive.com\/en\/products\/bosch-piezo-hose-flow-control-valve-930-284\/#primaryimage","url":"https:\/\/www.ektautomotive.com\/wp-content\/uploads\/2025\/11\/930-284-Bayfix-Bosch-Piezo-Hortum-Akis-Kontrol-Valfi.png","contentUrl":"https:\/\/www.ektautomotive.com\/wp-content\/uploads\/2025\/11\/930-284-Bayfix-Bosch-Piezo-Hortum-Akis-Kontrol-Valfi.png","width":1500,"height":1500},{"@type":"BreadcrumbList","@id":"https:\/\/www.ektautomotive.com\/en\/products\/bosch-piezo-hose-flow-control-valve-930-284\/#breadcrumb","itemListElement":[{"@type":"ListItem","position":1,"name":"Homepage","item":"https:\/\/www.ektautomotive.com\/en\/"},{"@type":"ListItem","position":2,"name":"Products","item":"https:\/\/www.ektautomotive.com\/en\/products\/"},{"@type":"ListItem","position":3,"name":"Bosch Piezo Hose Flow Control Valve"}]},{"@type":"WebSite","@id":"https:\/\/www.ektautomotive.com\/en\/#website","url":"https:\/\/www.ektautomotive.com\/en\/","name":"EKT Automotive","description":"Dizel Enjekt\u00f6r ve Pompa Yedek Par\u00e7alar\u0131","publisher":{"@id":"https:\/\/www.ektautomotive.com\/en\/#organization"},"potentialAction":[{"@type":"SearchAction","target":{"@type":"EntryPoint","urlTemplate":"https:\/\/www.ektautomotive.com\/en\/?s={search_term_string}"},"query-input":{"@type":"PropertyValueSpecification","valueRequired":true,"valueName":"search_term_string"}}],"inLanguage":"en-US"},{"@type":"Organization","@id":"https:\/\/www.ektautomotive.com\/en\/#organization","name":"EKT Automotive","url":"https:\/\/www.ektautomotive.com\/en\/","logo":{"@type":"ImageObject","inLanguage":"en-US","@id":"https:\/\/www.ektautomotive.com\/en\/#\/schema\/logo\/image\/","url":"https:\/\/www.ektautomotive.com\/wp-content\/uploads\/2025\/11\/ekt-automotive-logo-dizel-enjektor.svg","contentUrl":"https:\/\/www.ektautomotive.com\/wp-content\/uploads\/2025\/11\/ekt-automotive-logo-dizel-enjektor.svg","width":1629,"height":366,"caption":"EKT Automotive"},"image":{"@id":"https:\/\/www.ektautomotive.com\/en\/#\/schema\/logo\/image\/"},"description":"EKT Automotive, dizel enjekt\u00f6r ve pompa sistemleri i\u00e7in y\u00fcksek hassasiyetli yedek par\u00e7alar \u00fcreten, kalite ve g\u00fcvenilirli\u011fi \u00f6n planda tutan bir m\u00fchendislik markas\u0131d\u0131r. Ayar \u015fimleri, rakor grubu, geri d\u00f6n\u00fc\u015f hatt\u0131 par\u00e7alar\u0131 ve O-ring gibi kritik bile\u015fenlerde profesyonel \u00e7\u00f6z\u00fcmler sunarak d\u00fcnyan\u0131n farkl\u0131 b\u00f6lgelerine g\u00fcvenle tedarik sa\u011flamaktad\u0131r.","email":"info@ektautomotive.com","telephone":"+905449090658","legalName":"EKT Automotive A.\u015e.","foundingDate":"2008-01-01","numberOfEmployees":{"@type":"QuantitativeValue","minValue":"1","maxValue":"10"}}]},"product_price_amount":"1.00","product_price_currency":"RUB","og_availability":"instock","product_availability":"instock","product_retailer_item_id":"930 284","product_condition":"new"},"_links":{"self":[{"href":"https:\/\/www.ektautomotive.com\/en\/wp-json\/wp\/v2\/product\/36054","targetHints":{"allow":["GET"]}}],"collection":[{"href":"https:\/\/www.ektautomotive.com\/en\/wp-json\/wp\/v2\/product"}],"about":[{"href":"https:\/\/www.ektautomotive.com\/en\/wp-json\/wp\/v2\/types\/product"}],"version-history":[{"count":1,"href":"https:\/\/www.ektautomotive.com\/en\/wp-json\/wp\/v2\/product\/36054\/revisions"}],"predecessor-version":[{"id":39402,"href":"https:\/\/www.ektautomotive.com\/en\/wp-json\/wp\/v2\/product\/36054\/revisions\/39402"}],"wp:featuredmedia":[{"embeddable":true,"href":"https:\/\/www.ektautomotive.com\/en\/wp-json\/wp\/v2\/media\/36055"}],"wp:attachment":[{"href":"https:\/\/www.ektautomotive.com\/en\/wp-json\/wp\/v2\/media?parent=36054"}],"wp:term":[{"taxonomy":"product_brand","embeddable":true,"href":"https:\/\/www.ektautomotive.com\/en\/wp-json\/wp\/v2\/product_brand?post=36054"},{"taxonomy":"product_cat","embeddable":true,"href":"https:\/\/www.ektautomotive.com\/en\/wp-json\/wp\/v2\/product_cat?post=36054"},{"taxonomy":"product_tag","embeddable":true,"href":"https:\/\/www.ektautomotive.com\/en\/wp-json\/wp\/v2\/product_tag?post=36054"}],"curies":[{"name":"wp","href":"https:\/\/api.w.org\/{rel}","templated":true}]}}