{"id":42757,"date":"2026-02-05T14:01:04","date_gmt":"2026-02-05T11:01:04","guid":{"rendered":"https:\/\/www.ektautomotive.com\/urunler\/volkswagen-crafter-ters-dis-enjektor-tutucusu\/"},"modified":"2026-02-05T16:58:24","modified_gmt":"2026-02-05T13:58:24","slug":"volkswagen-crafter-reverse-thread-injector-holder","status":"publish","type":"product","link":"https:\/\/www.ektautomotive.com\/en\/products\/volkswagen-crafter-reverse-thread-injector-holder\/","title":{"rendered":"Volkswagen Crafter Reverse Thread Injector Holder"},"content":{"rendered":"","protected":false},"excerpt":{"rendered":"","protected":false},"featured_media":42759,"template":"","meta":[],"product_brand":[3274],"product_cat":[1233],"product_tag":[],"class_list":{"0":"post-42757","1":"product","2":"type-product","3":"status-publish","4":"has-post-thumbnail","6":"product_brand-bayfix","7":"product_cat-injector-holders","9":"first","10":"instock","11":"shipping-taxable","12":"purchasable","13":"product-type-simple"},"yoast_head":"<!-- This site is optimized with the Yoast SEO Premium plugin v26.5 (Yoast SEO v26.5) - https:\/\/yoast.com\/wordpress\/plugins\/seo\/ -->\n<title>Volkswagen Crafter Reverse Thread Injector Holder - EKT Automotive<\/title>\n<meta name=\"robots\" content=\"index, follow, max-snippet:-1, max-image-preview:large, max-video-preview:-1\" \/>\n<link rel=\"canonical\" href=\"https:\/\/www.ektautomotive.com\/en\/products\/volkswagen-crafter-reverse-thread-injector-holder\/\" \/>\n<meta property=\"og:locale\" content=\"en_US\" \/>\n<meta property=\"og:type\" content=\"article\" \/>\n<meta property=\"og:title\" content=\"Volkswagen Crafter Reverse Thread Injector Holder\" \/>\n<meta property=\"og:url\" content=\"https:\/\/www.ektautomotive.com\/en\/products\/volkswagen-crafter-reverse-thread-injector-holder\/\" \/>\n<meta property=\"og:site_name\" content=\"EKT Automotive\" \/>\n<meta property=\"article:modified_time\" content=\"2026-02-05T13:58:24+00:00\" \/>\n<meta property=\"og:image\" content=\"https:\/\/www.ektautomotive.com\/wp-content\/uploads\/2026\/02\/910-012-Volkswagen-Crafter-Ters-Dis-Enjektor-Tutucusu.png\" \/>\n\t<meta property=\"og:image:width\" content=\"1500\" \/>\n\t<meta property=\"og:image:height\" content=\"1500\" \/>\n\t<meta property=\"og:image:type\" content=\"image\/png\" \/>\n<meta name=\"twitter:card\" content=\"summary_large_image\" \/>\n<meta name=\"twitter:label1\" content=\"Price\" \/>\n\t<meta name=\"twitter:data1\" content=\"1,00&nbsp;&#8381;\" \/>\n\t<meta name=\"twitter:label2\" content=\"Availability\" \/>\n\t<meta name=\"twitter:data2\" content=\"In stock\" \/>\n<script type=\"application\/ld+json\" class=\"yoast-schema-graph\">{\"@context\":\"https:\/\/schema.org\",\"@graph\":[{\"@type\":\"WebPage\",\"@id\":\"https:\/\/www.ektautomotive.com\/en\/products\/volkswagen-crafter-reverse-thread-injector-holder\/\",\"url\":\"https:\/\/www.ektautomotive.com\/en\/products\/volkswagen-crafter-reverse-thread-injector-holder\/\",\"name\":\"Volkswagen Crafter Reverse Thread Injector Holder - EKT Automotive\",\"isPartOf\":{\"@id\":\"https:\/\/www.ektautomotive.com\/en\/#website\"},\"primaryImageOfPage\":{\"@id\":\"https:\/\/www.ektautomotive.com\/en\/products\/volkswagen-crafter-reverse-thread-injector-holder\/#primaryimage\"},\"image\":{\"@id\":\"https:\/\/www.ektautomotive.com\/en\/products\/volkswagen-crafter-reverse-thread-injector-holder\/#primaryimage\"},\"thumbnailUrl\":\"https:\/\/www.ektautomotive.com\/wp-content\/uploads\/2026\/02\/910-012-Volkswagen-Crafter-Ters-Dis-Enjektor-Tutucusu.png\",\"datePublished\":\"2026-02-05T11:01:04+00:00\",\"dateModified\":\"2026-02-05T13:58:24+00:00\",\"breadcrumb\":{\"@id\":\"https:\/\/www.ektautomotive.com\/en\/products\/volkswagen-crafter-reverse-thread-injector-holder\/#breadcrumb\"},\"inLanguage\":\"en-US\",\"potentialAction\":[{\"@type\":\"ReadAction\",\"target\":[\"https:\/\/www.ektautomotive.com\/en\/products\/volkswagen-crafter-reverse-thread-injector-holder\/\"]}]},{\"@type\":\"ImageObject\",\"inLanguage\":\"en-US\",\"@id\":\"https:\/\/www.ektautomotive.com\/en\/products\/volkswagen-crafter-reverse-thread-injector-holder\/#primaryimage\",\"url\":\"https:\/\/www.ektautomotive.com\/wp-content\/uploads\/2026\/02\/910-012-Volkswagen-Crafter-Ters-Dis-Enjektor-Tutucusu.png\",\"contentUrl\":\"https:\/\/www.ektautomotive.com\/wp-content\/uploads\/2026\/02\/910-012-Volkswagen-Crafter-Ters-Dis-Enjektor-Tutucusu.png\",\"width\":1500,\"height\":1500},{\"@type\":\"BreadcrumbList\",\"@id\":\"https:\/\/www.ektautomotive.com\/en\/products\/volkswagen-crafter-reverse-thread-injector-holder\/#breadcrumb\",\"itemListElement\":[{\"@type\":\"ListItem\",\"position\":1,\"name\":\"Homepage\",\"item\":\"https:\/\/www.ektautomotive.com\/en\/\"},{\"@type\":\"ListItem\",\"position\":2,\"name\":\"Products\",\"item\":\"https:\/\/www.ektautomotive.com\/en\/products\/\"},{\"@type\":\"ListItem\",\"position\":3,\"name\":\"Volkswagen Crafter Reverse Thread Injector Holder\"}]},{\"@type\":\"WebSite\",\"@id\":\"https:\/\/www.ektautomotive.com\/en\/#website\",\"url\":\"https:\/\/www.ektautomotive.com\/en\/\",\"name\":\"EKT Automotive\",\"description\":\"Dizel Enjekt\u00f6r ve Pompa Yedek Par\u00e7alar\u0131\",\"publisher\":{\"@id\":\"https:\/\/www.ektautomotive.com\/en\/#organization\"},\"potentialAction\":[{\"@type\":\"SearchAction\",\"target\":{\"@type\":\"EntryPoint\",\"urlTemplate\":\"https:\/\/www.ektautomotive.com\/en\/?s={search_term_string}\"},\"query-input\":{\"@type\":\"PropertyValueSpecification\",\"valueRequired\":true,\"valueName\":\"search_term_string\"}}],\"inLanguage\":\"en-US\"},{\"@type\":\"Organization\",\"@id\":\"https:\/\/www.ektautomotive.com\/en\/#organization\",\"name\":\"EKT Automotive\",\"url\":\"https:\/\/www.ektautomotive.com\/en\/\",\"logo\":{\"@type\":\"ImageObject\",\"inLanguage\":\"en-US\",\"@id\":\"https:\/\/www.ektautomotive.com\/en\/#\/schema\/logo\/image\/\",\"url\":\"https:\/\/www.ektautomotive.com\/wp-content\/uploads\/2025\/11\/ekt-automotive-logo-dizel-enjektor.svg\",\"contentUrl\":\"https:\/\/www.ektautomotive.com\/wp-content\/uploads\/2025\/11\/ekt-automotive-logo-dizel-enjektor.svg\",\"width\":1629,\"height\":366,\"caption\":\"EKT Automotive\"},\"image\":{\"@id\":\"https:\/\/www.ektautomotive.com\/en\/#\/schema\/logo\/image\/\"},\"description\":\"EKT Automotive, dizel enjekt\u00f6r ve pompa sistemleri i\u00e7in y\u00fcksek hassasiyetli yedek par\u00e7alar \u00fcreten, kalite ve g\u00fcvenilirli\u011fi \u00f6n planda tutan bir m\u00fchendislik markas\u0131d\u0131r. Ayar \u015fimleri, rakor grubu, geri d\u00f6n\u00fc\u015f hatt\u0131 par\u00e7alar\u0131 ve O-ring gibi kritik bile\u015fenlerde profesyonel \u00e7\u00f6z\u00fcmler sunarak d\u00fcnyan\u0131n farkl\u0131 b\u00f6lgelerine g\u00fcvenle tedarik sa\u011flamaktad\u0131r.\",\"email\":\"info@ektautomotive.com\",\"telephone\":\"+905449090658\",\"legalName\":\"EKT Automotive A.\u015e.\",\"foundingDate\":\"2008-01-01\",\"numberOfEmployees\":{\"@type\":\"QuantitativeValue\",\"minValue\":\"1\",\"maxValue\":\"10\"}}]}<\/script>\n<meta property=\"product:price:amount\" content=\"1.00\" \/>\n<meta property=\"product:price:currency\" content=\"RUB\" \/>\n<meta property=\"og:availability\" content=\"instock\" \/>\n<meta property=\"product:availability\" content=\"instock\" \/>\n<meta property=\"product:retailer_item_id\" content=\"910 012\" \/>\n<meta property=\"product:condition\" content=\"new\" \/>\n<!-- \/ Yoast SEO Premium plugin. -->","yoast_head_json":{"title":"Volkswagen Crafter Reverse Thread Injector Holder - EKT Automotive","robots":{"index":"index","follow":"follow","max-snippet":"max-snippet:-1","max-image-preview":"max-image-preview:large","max-video-preview":"max-video-preview:-1"},"canonical":"https:\/\/www.ektautomotive.com\/en\/products\/volkswagen-crafter-reverse-thread-injector-holder\/","og_locale":"en_US","og_type":"article","og_title":"Volkswagen Crafter Reverse Thread Injector Holder","og_url":"https:\/\/www.ektautomotive.com\/en\/products\/volkswagen-crafter-reverse-thread-injector-holder\/","og_site_name":"EKT Automotive","article_modified_time":"2026-02-05T13:58:24+00:00","og_image":[{"width":1500,"height":1500,"url":"https:\/\/www.ektautomotive.com\/wp-content\/uploads\/2026\/02\/910-012-Volkswagen-Crafter-Ters-Dis-Enjektor-Tutucusu.png","type":"image\/png"}],"twitter_card":"summary_large_image","twitter_misc":{"Price":"1,00&nbsp;&#8381;","Availability":"In stock"},"schema":{"@context":"https:\/\/schema.org","@graph":[{"@type":"WebPage","@id":"https:\/\/www.ektautomotive.com\/en\/products\/volkswagen-crafter-reverse-thread-injector-holder\/","url":"https:\/\/www.ektautomotive.com\/en\/products\/volkswagen-crafter-reverse-thread-injector-holder\/","name":"Volkswagen Crafter Reverse Thread Injector Holder - EKT Automotive","isPartOf":{"@id":"https:\/\/www.ektautomotive.com\/en\/#website"},"primaryImageOfPage":{"@id":"https:\/\/www.ektautomotive.com\/en\/products\/volkswagen-crafter-reverse-thread-injector-holder\/#primaryimage"},"image":{"@id":"https:\/\/www.ektautomotive.com\/en\/products\/volkswagen-crafter-reverse-thread-injector-holder\/#primaryimage"},"thumbnailUrl":"https:\/\/www.ektautomotive.com\/wp-content\/uploads\/2026\/02\/910-012-Volkswagen-Crafter-Ters-Dis-Enjektor-Tutucusu.png","datePublished":"2026-02-05T11:01:04+00:00","dateModified":"2026-02-05T13:58:24+00:00","breadcrumb":{"@id":"https:\/\/www.ektautomotive.com\/en\/products\/volkswagen-crafter-reverse-thread-injector-holder\/#breadcrumb"},"inLanguage":"en-US","potentialAction":[{"@type":"ReadAction","target":["https:\/\/www.ektautomotive.com\/en\/products\/volkswagen-crafter-reverse-thread-injector-holder\/"]}]},{"@type":"ImageObject","inLanguage":"en-US","@id":"https:\/\/www.ektautomotive.com\/en\/products\/volkswagen-crafter-reverse-thread-injector-holder\/#primaryimage","url":"https:\/\/www.ektautomotive.com\/wp-content\/uploads\/2026\/02\/910-012-Volkswagen-Crafter-Ters-Dis-Enjektor-Tutucusu.png","contentUrl":"https:\/\/www.ektautomotive.com\/wp-content\/uploads\/2026\/02\/910-012-Volkswagen-Crafter-Ters-Dis-Enjektor-Tutucusu.png","width":1500,"height":1500},{"@type":"BreadcrumbList","@id":"https:\/\/www.ektautomotive.com\/en\/products\/volkswagen-crafter-reverse-thread-injector-holder\/#breadcrumb","itemListElement":[{"@type":"ListItem","position":1,"name":"Homepage","item":"https:\/\/www.ektautomotive.com\/en\/"},{"@type":"ListItem","position":2,"name":"Products","item":"https:\/\/www.ektautomotive.com\/en\/products\/"},{"@type":"ListItem","position":3,"name":"Volkswagen Crafter Reverse Thread Injector Holder"}]},{"@type":"WebSite","@id":"https:\/\/www.ektautomotive.com\/en\/#website","url":"https:\/\/www.ektautomotive.com\/en\/","name":"EKT Automotive","description":"Dizel Enjekt\u00f6r ve Pompa Yedek Par\u00e7alar\u0131","publisher":{"@id":"https:\/\/www.ektautomotive.com\/en\/#organization"},"potentialAction":[{"@type":"SearchAction","target":{"@type":"EntryPoint","urlTemplate":"https:\/\/www.ektautomotive.com\/en\/?s={search_term_string}"},"query-input":{"@type":"PropertyValueSpecification","valueRequired":true,"valueName":"search_term_string"}}],"inLanguage":"en-US"},{"@type":"Organization","@id":"https:\/\/www.ektautomotive.com\/en\/#organization","name":"EKT Automotive","url":"https:\/\/www.ektautomotive.com\/en\/","logo":{"@type":"ImageObject","inLanguage":"en-US","@id":"https:\/\/www.ektautomotive.com\/en\/#\/schema\/logo\/image\/","url":"https:\/\/www.ektautomotive.com\/wp-content\/uploads\/2025\/11\/ekt-automotive-logo-dizel-enjektor.svg","contentUrl":"https:\/\/www.ektautomotive.com\/wp-content\/uploads\/2025\/11\/ekt-automotive-logo-dizel-enjektor.svg","width":1629,"height":366,"caption":"EKT Automotive"},"image":{"@id":"https:\/\/www.ektautomotive.com\/en\/#\/schema\/logo\/image\/"},"description":"EKT Automotive, dizel enjekt\u00f6r ve pompa sistemleri i\u00e7in y\u00fcksek hassasiyetli yedek par\u00e7alar \u00fcreten, kalite ve g\u00fcvenilirli\u011fi \u00f6n planda tutan bir m\u00fchendislik markas\u0131d\u0131r. Ayar \u015fimleri, rakor grubu, geri d\u00f6n\u00fc\u015f hatt\u0131 par\u00e7alar\u0131 ve O-ring gibi kritik bile\u015fenlerde profesyonel \u00e7\u00f6z\u00fcmler sunarak d\u00fcnyan\u0131n farkl\u0131 b\u00f6lgelerine g\u00fcvenle tedarik sa\u011flamaktad\u0131r.","email":"info@ektautomotive.com","telephone":"+905449090658","legalName":"EKT Automotive A.\u015e.","foundingDate":"2008-01-01","numberOfEmployees":{"@type":"QuantitativeValue","minValue":"1","maxValue":"10"}}]},"product_price_amount":"1.00","product_price_currency":"RUB","og_availability":"instock","product_availability":"instock","product_retailer_item_id":"910 012","product_condition":"new"},"_links":{"self":[{"href":"https:\/\/www.ektautomotive.com\/en\/wp-json\/wp\/v2\/product\/42757","targetHints":{"allow":["GET"]}}],"collection":[{"href":"https:\/\/www.ektautomotive.com\/en\/wp-json\/wp\/v2\/product"}],"about":[{"href":"https:\/\/www.ektautomotive.com\/en\/wp-json\/wp\/v2\/types\/product"}],"version-history":[{"count":1,"href":"https:\/\/www.ektautomotive.com\/en\/wp-json\/wp\/v2\/product\/42757\/revisions"}],"predecessor-version":[{"id":42795,"href":"https:\/\/www.ektautomotive.com\/en\/wp-json\/wp\/v2\/product\/42757\/revisions\/42795"}],"wp:featuredmedia":[{"embeddable":true,"href":"https:\/\/www.ektautomotive.com\/en\/wp-json\/wp\/v2\/media\/42759"}],"wp:attachment":[{"href":"https:\/\/www.ektautomotive.com\/en\/wp-json\/wp\/v2\/media?parent=42757"}],"wp:term":[{"taxonomy":"product_brand","embeddable":true,"href":"https:\/\/www.ektautomotive.com\/en\/wp-json\/wp\/v2\/product_brand?post=42757"},{"taxonomy":"product_cat","embeddable":true,"href":"https:\/\/www.ektautomotive.com\/en\/wp-json\/wp\/v2\/product_cat?post=42757"},{"taxonomy":"product_tag","embeddable":true,"href":"https:\/\/www.ektautomotive.com\/en\/wp-json\/wp\/v2\/product_tag?post=42757"}],"curies":[{"name":"wp","href":"https:\/\/api.w.org\/{rel}","templated":true}]}}