{"id":33800,"date":"2021-10-12T16:27:24","date_gmt":"2021-10-12T13:27:24","guid":{"rendered":"https:\/\/www.ektautomotive.com\/iletisim\/"},"modified":"2025-12-09T18:23:40","modified_gmt":"2025-12-09T15:23:40","slug":"svyazhites-s-nami","status":"publish","type":"page","link":"https:\/\/www.ektautomotive.com\/ru\/svyazhites-s-nami\/","title":{"rendered":"\u0421\u0432\u044f\u0436\u0438\u0442\u0435\u0441\u044c \u0441 \u043d\u0430\u043c\u0438"},"content":{"rendered":"\t\t<div data-elementor-type=\"wp-page\" data-elementor-id=\"33800\" class=\"elementor elementor-33800 elementor-4439\">\n\t\t\t\t\t\t<section class=\"wd-negative-gap elementor-section elementor-top-section elementor-element elementor-element-567fecb7 elementor-section-boxed elementor-section-height-default elementor-section-height-default\" data-id=\"567fecb7\" data-element_type=\"section\">\n\t\t\t\t\t\t<div class=\"elementor-container elementor-column-gap-default\">\n\t\t\t\t\t<div class=\"elementor-column elementor-col-100 elementor-top-column elementor-element elementor-element-74aa1284\" data-id=\"74aa1284\" data-element_type=\"column\">\n\t\t\t<div class=\"elementor-widget-wrap elementor-element-populated\">\n\t\t\t\t\t\t<div class=\"elementor-element elementor-element-60dc513a wd-width-100 elementor-widget elementor-widget-wd_title\" data-id=\"60dc513a\" data-element_type=\"widget\" data-widget_type=\"wd_title.default\">\n\t\t\t\t<div class=\"elementor-widget-container\">\n\t\t\t\t\t\t\t<div class=\"title-wrapper wd-set-mb reset-last-child wd-title-color-default wd-title-style-default wd-title-size-large text-left\">\n\n\t\t\t\t\t\t\t\t\t\t\t<div class=\"title-subtitle subtitle-color-default subtitle-style-default wd-fontsize-xs\">\n\t\t\t\t\t\u0421\u0412\u042f\u0416\u0418\u0422\u0415\u0421\u042c \u0421 \u041d\u0410\u041c\u0418\t\t\t\t<\/div>\n\t\t\t\n\t\t\t<div class=\"liner-continer\">\n\t\t\t\t<h4 class=\"woodmart-title-container title wd-fontsize-xxl\">\u041d\u0410\u0428\u0418 \u041a\u041e\u041d\u0422\u0410\u041a\u0422\u041d\u042b\u0415 \u0414\u0410\u041d\u041d\u042b\u0415<\/h4> \n\t\t\t\t\t\t\t<\/div>\n\n\t\t\t\t\t<\/div>\n\t\t\t\t\t\t<\/div>\n\t\t\t\t<\/div>\n\t\t\t\t<section class=\"wd-negative-gap elementor-section elementor-inner-section elementor-element elementor-element-64e4e5b7 elementor-section-boxed elementor-section-height-default elementor-section-height-default\" data-id=\"64e4e5b7\" data-element_type=\"section\">\n\t\t\t\t\t\t<div class=\"elementor-container elementor-column-gap-default\">\n\t\t\t\t\t<div class=\"elementor-column elementor-col-33 elementor-inner-column elementor-element elementor-element-10ce5e84\" data-id=\"10ce5e84\" data-element_type=\"column\">\n\t\t\t<div class=\"elementor-widget-wrap elementor-element-populated\">\n\t\t\t\t\t\t<div class=\"elementor-element elementor-element-7003a296 elementor-view-default elementor-position-top elementor-mobile-position-top elementor-widget elementor-widget-icon-box\" data-id=\"7003a296\" data-element_type=\"widget\" data-widget_type=\"icon-box.default\">\n\t\t\t\t\t\t\t<div class=\"elementor-icon-box-wrapper\">\n\n\t\t\t\t\t\t<div class=\"elementor-icon-box-icon\">\n\t\t\t\t<span  class=\"elementor-icon\">\n\t\t\t\t<svg aria-hidden=\"true\" class=\"e-font-icon-svg e-fas-phone-alt\" viewBox=\"0 0 512 512\" xmlns=\"http:\/\/www.w3.org\/2000\/svg\"><path d=\"M497.39 361.8l-112-48a24 24 0 0 0-28 6.9l-49.6 60.6A370.66 370.66 0 0 1 130.6 204.11l60.6-49.6a23.94 23.94 0 0 0 6.9-28l-48-112A24.16 24.16 0 0 0 122.6.61l-104 24A24 24 0 0 0 0 48c0 256.5 207.9 464 464 464a24 24 0 0 0 23.4-18.6l24-104a24.29 24.29 0 0 0-14.01-27.6z\"><\/path><\/svg>\t\t\t\t<\/span>\n\t\t\t<\/div>\n\t\t\t\n\t\t\t\t\t\t<div class=\"elementor-icon-box-content\">\n\n\t\t\t\t\t\t\t\t\t<h3 class=\"elementor-icon-box-title\">\n\t\t\t\t\t\t<span  >\n\t\t\t\t\t\t\t\u0422\u0435\u043b\u0435\u0444\u043e\u043d\t\t\t\t\t\t<\/span>\n\t\t\t\t\t<\/h3>\n\t\t\t\t\n\t\t\t\t\t\t\t\t\t<p class=\"elementor-icon-box-description\">\n\t\t\t\t\t\t\u0422\u0435\u043b\u0435\u0444\u043e\u043d: +90 544 909 06 58 <br>\nWhatsapp: +90 544 909 06 58\t\t\t\t\t<\/p>\n\t\t\t\t\n\t\t\t<\/div>\n\t\t\t\n\t\t<\/div>\n\t\t\t\t\t\t<\/div>\n\t\t\t\t\t<\/div>\n\t\t<\/div>\n\t\t\t\t<div class=\"elementor-column elementor-col-33 elementor-inner-column elementor-element elementor-element-41691df7\" data-id=\"41691df7\" data-element_type=\"column\">\n\t\t\t<div class=\"elementor-widget-wrap elementor-element-populated\">\n\t\t\t\t\t\t<div class=\"elementor-element elementor-element-5ca4cdfd elementor-view-default elementor-position-top elementor-mobile-position-top elementor-widget elementor-widget-icon-box\" data-id=\"5ca4cdfd\" data-element_type=\"widget\" data-widget_type=\"icon-box.default\">\n\t\t\t\t\t\t\t<div class=\"elementor-icon-box-wrapper\">\n\n\t\t\t\t\t\t<div class=\"elementor-icon-box-icon\">\n\t\t\t\t<span  class=\"elementor-icon\">\n\t\t\t\t<svg aria-hidden=\"true\" class=\"e-font-icon-svg e-fas-building\" viewBox=\"0 0 448 512\" xmlns=\"http:\/\/www.w3.org\/2000\/svg\"><path d=\"M436 480h-20V24c0-13.255-10.745-24-24-24H56C42.745 0 32 10.745 32 24v456H12c-6.627 0-12 5.373-12 12v20h448v-20c0-6.627-5.373-12-12-12zM128 76c0-6.627 5.373-12 12-12h40c6.627 0 12 5.373 12 12v40c0 6.627-5.373 12-12 12h-40c-6.627 0-12-5.373-12-12V76zm0 96c0-6.627 5.373-12 12-12h40c6.627 0 12 5.373 12 12v40c0 6.627-5.373 12-12 12h-40c-6.627 0-12-5.373-12-12v-40zm52 148h-40c-6.627 0-12-5.373-12-12v-40c0-6.627 5.373-12 12-12h40c6.627 0 12 5.373 12 12v40c0 6.627-5.373 12-12 12zm76 160h-64v-84c0-6.627 5.373-12 12-12h40c6.627 0 12 5.373 12 12v84zm64-172c0 6.627-5.373 12-12 12h-40c-6.627 0-12-5.373-12-12v-40c0-6.627 5.373-12 12-12h40c6.627 0 12 5.373 12 12v40zm0-96c0 6.627-5.373 12-12 12h-40c-6.627 0-12-5.373-12-12v-40c0-6.627 5.373-12 12-12h40c6.627 0 12 5.373 12 12v40zm0-96c0 6.627-5.373 12-12 12h-40c-6.627 0-12-5.373-12-12V76c0-6.627 5.373-12 12-12h40c6.627 0 12 5.373 12 12v40z\"><\/path><\/svg>\t\t\t\t<\/span>\n\t\t\t<\/div>\n\t\t\t\n\t\t\t\t\t\t<div class=\"elementor-icon-box-content\">\n\n\t\t\t\t\t\t\t\t\t<h3 class=\"elementor-icon-box-title\">\n\t\t\t\t\t\t<span  >\n\t\t\t\t\t\t\t\u0410\u0434\u0440\u0435\u0441\t\t\t\t\t\t<\/span>\n\t\t\t\t\t<\/h3>\n\t\t\t\t\n\t\t\t\t\t\t\t\t\t<p class=\"elementor-icon-box-description\">\n\t\t\t\t\t\t\u015eerifali Mahallesi Nurlu Sokak No:33A <br>\u00dcmraniye\/\u0130stanbul\t\t\t\t\t<\/p>\n\t\t\t\t\n\t\t\t<\/div>\n\t\t\t\n\t\t<\/div>\n\t\t\t\t\t\t<\/div>\n\t\t\t\t\t<\/div>\n\t\t<\/div>\n\t\t\t\t<div class=\"elementor-column elementor-col-33 elementor-inner-column elementor-element elementor-element-1cfafc8f\" data-id=\"1cfafc8f\" data-element_type=\"column\">\n\t\t\t<div class=\"elementor-widget-wrap elementor-element-populated\">\n\t\t\t\t\t\t<div class=\"elementor-element elementor-element-28d1df9e elementor-view-default elementor-position-top elementor-mobile-position-top elementor-widget elementor-widget-icon-box\" data-id=\"28d1df9e\" data-element_type=\"widget\" data-widget_type=\"icon-box.default\">\n\t\t\t\t\t\t\t<div class=\"elementor-icon-box-wrapper\">\n\n\t\t\t\t\t\t<div class=\"elementor-icon-box-icon\">\n\t\t\t\t<span  class=\"elementor-icon\">\n\t\t\t\t<svg aria-hidden=\"true\" class=\"e-font-icon-svg e-far-comments\" viewBox=\"0 0 576 512\" xmlns=\"http:\/\/www.w3.org\/2000\/svg\"><path d=\"M532 386.2c27.5-27.1 44-61.1 44-98.2 0-80-76.5-146.1-176.2-157.9C368.3 72.5 294.3 32 208 32 93.1 32 0 103.6 0 192c0 37 16.5 71 44 98.2-15.3 30.7-37.3 54.5-37.7 54.9-6.3 6.7-8.1 16.5-4.4 25 3.6 8.5 12 14 21.2 14 53.5 0 96.7-20.2 125.2-38.8 9.2 2.1 18.7 3.7 28.4 4.9C208.1 407.6 281.8 448 368 448c20.8 0 40.8-2.4 59.8-6.8C456.3 459.7 499.4 480 553 480c9.2 0 17.5-5.5 21.2-14 3.6-8.5 1.9-18.3-4.4-25-.4-.3-22.5-24.1-37.8-54.8zm-392.8-92.3L122.1 305c-14.1 9.1-28.5 16.3-43.1 21.4 2.7-4.7 5.4-9.7 8-14.8l15.5-31.1L77.7 256C64.2 242.6 48 220.7 48 192c0-60.7 73.3-112 160-112s160 51.3 160 112-73.3 112-160 112c-16.5 0-33-1.9-49-5.6l-19.8-4.5zM498.3 352l-24.7 24.4 15.5 31.1c2.6 5.1 5.3 10.1 8 14.8-14.6-5.1-29-12.3-43.1-21.4l-17.1-11.1-19.9 4.6c-16 3.7-32.5 5.6-49 5.6-54 0-102.2-20.1-131.3-49.7C338 339.5 416 272.9 416 192c0-3.4-.4-6.7-.7-10C479.7 196.5 528 238.8 528 288c0 28.7-16.2 50.6-29.7 64z\"><\/path><\/svg>\t\t\t\t<\/span>\n\t\t\t<\/div>\n\t\t\t\n\t\t\t\t\t\t<div class=\"elementor-icon-box-content\">\n\n\t\t\t\t\t\t\t\t\t<h3 class=\"elementor-icon-box-title\">\n\t\t\t\t\t\t<span  >\n\t\t\t\t\t\t\t\u042d\u043b\u0435\u043a\u0442\u0440\u043e\u043d\u043d\u0430\u044f \u043f\u043e\u0447\u0442\u0430\t\t\t\t\t\t<\/span>\n\t\t\t\t\t<\/h3>\n\t\t\t\t\n\t\t\t\t\t\t\t\t\t<p class=\"elementor-icon-box-description\">\n\t\t\t\t\t\tinfo@ektautomotive.com\t\t\t\t\t<\/p>\n\t\t\t\t\n\t\t\t<\/div>\n\t\t\t\n\t\t<\/div>\n\t\t\t\t\t\t<\/div>\n\t\t\t\t\t<\/div>\n\t\t<\/div>\n\t\t\t\t\t<\/div>\n\t\t<\/section>\n\t\t\t\t\t<\/div>\n\t\t<\/div>\n\t\t\t\t\t<\/div>\n\t\t<\/section>\n\t\t\t\t<section class=\"wd-negative-gap elementor-section elementor-top-section elementor-element elementor-element-3a0d2051 elementor-section-boxed elementor-section-height-default elementor-section-height-default\" data-id=\"3a0d2051\" data-element_type=\"section\">\n\t\t\t\t\t\t<div class=\"elementor-container elementor-column-gap-default\">\n\t\t\t\t\t<div class=\"elementor-column elementor-col-50 elementor-top-column elementor-element elementor-element-69a76c3f\" data-id=\"69a76c3f\" data-element_type=\"column\">\n\t\t\t<div class=\"elementor-widget-wrap\">\n\t\t\t\t\t\t\t<\/div>\n\t\t<\/div>\n\t\t\t\t<div class=\"elementor-column elementor-col-50 elementor-top-column elementor-element elementor-element-43771f3a\" data-id=\"43771f3a\" data-element_type=\"column\">\n\t\t\t<div class=\"elementor-widget-wrap elementor-element-populated\">\n\t\t\t\t\t\t<div class=\"elementor-element elementor-element-51624ab0 elementor-widget elementor-widget-google_maps\" data-id=\"51624ab0\" data-element_type=\"widget\" data-widget_type=\"google_maps.default\">\n\t\t\t\t\t\t\t<div class=\"elementor-custom-embed\">\n\t\t\t<iframe loading=\"lazy\"\n\t\t\t\t\tsrc=\"https:\/\/maps.google.com\/maps?q=Ulusan%20kau%C3%A7uk&#038;t=m&#038;z=12&#038;output=embed&#038;iwloc=near\"\n\t\t\t\t\ttitle=\"Ulusan kau\u00e7uk\"\n\t\t\t\t\taria-label=\"Ulusan kau\u00e7uk\"\n\t\t\t><\/iframe>\n\t\t<\/div>\n\t\t\t\t\t\t<\/div>\n\t\t\t\t\t<\/div>\n\t\t<\/div>\n\t\t\t\t\t<\/div>\n\t\t<\/section>\n\t\t\t\t<\/div>\n\t\t","protected":false},"excerpt":{"rendered":"<p>\u0421\u0412\u042f\u0416\u0418\u0422\u0415\u0421\u042c \u0421 \u041d\u0410\u041c\u0418 \u041d\u0410\u0428\u0418 \u041a\u041e\u041d\u0422\u0410\u041a\u0422\u041d\u042b\u0415 \u0414\u0410\u041d\u041d\u042b\u0415 \u0422\u0435\u043b\u0435\u0444\u043e\u043d \u0422\u0435\u043b\u0435\u0444\u043e\u043d: +90 544 909 06 58 Whatsapp: +90 544 909 06 58 \u0410\u0434\u0440\u0435\u0441<\/p>\n","protected":false},"author":1,"featured_media":0,"parent":0,"menu_order":0,"comment_status":"closed","ping_status":"closed","template":"","meta":{"footnotes":""},"class_list":["post-33800","page","type-page","status-publish","hentry"],"yoast_head":"<!-- This site is optimized with the Yoast SEO Premium plugin v26.5 (Yoast SEO v26.5) - https:\/\/yoast.com\/wordpress\/plugins\/seo\/ -->\n<title>\u041a\u043e\u043d\u0442\u0430\u043a\u0442\u044b EKT Automotive | \u0417\u0430\u043f\u0440\u043e\u0441 \u043f\u0440\u0435\u0434\u043b\u043e\u0436\u0435\u043d\u0438\u044f \u0438 \u043f\u043e\u0434\u0434\u0435\u0440\u0436\u043a\u0430<\/title>\n<meta name=\"description\" content=\"\u0421\u0432\u044f\u0436\u0438\u0442\u0435\u0441\u044c \u0441 EKT Automotive \u0434\u043b\u044f \u0437\u0430\u043f\u0440\u043e\u0441\u043e\u0432 \u043f\u043e \u0437\u0430\u043f\u0447\u0430\u0441\u0442\u044f\u043c \u0434\u0438\u0437\u0435\u043b\u044c\u043d\u044b\u0445 \u0444\u043e\u0440\u0441\u0443\u043d\u043e\u043a \u0438 \u043d\u0430\u0441\u043e\u0441\u043e\u0432. \u041f\u043e\u043b\u0443\u0447\u0438\u0442\u0435 \u043a\u043e\u043c\u043c\u0435\u0440\u0447\u0435\u0441\u043a\u043e\u0435 \u043f\u0440\u0435\u0434\u043b\u043e\u0436\u0435\u043d\u0438\u0435 \u0438 \u0431\u044b\u0441\u0442\u0440\u044b\u0439 \u043e\u0442\u0432\u0435\u0442 \u043e\u0442 \u043d\u0430\u0448\u0435\u0439 \u043a\u043e\u043c\u0430\u043d\u0434\u044b.\" \/>\n<meta name=\"robots\" content=\"index, follow, max-snippet:-1, max-image-preview:large, max-video-preview:-1\" \/>\n<link rel=\"canonical\" href=\"https:\/\/www.ektautomotive.com\/ru\/svyazhites-s-nami\/\" \/>\n<meta property=\"og:locale\" content=\"ru_RU\" \/>\n<meta property=\"og:type\" content=\"article\" \/>\n<meta property=\"og:title\" content=\"\u0421\u0432\u044f\u0436\u0438\u0442\u0435\u0441\u044c \u0441 \u043d\u0430\u043c\u0438\" \/>\n<meta property=\"og:description\" content=\"\u0421\u0432\u044f\u0436\u0438\u0442\u0435\u0441\u044c \u0441 EKT Automotive \u0434\u043b\u044f \u0437\u0430\u043f\u0440\u043e\u0441\u043e\u0432 \u043f\u043e \u0437\u0430\u043f\u0447\u0430\u0441\u0442\u044f\u043c \u0434\u0438\u0437\u0435\u043b\u044c\u043d\u044b\u0445 \u0444\u043e\u0440\u0441\u0443\u043d\u043e\u043a \u0438 \u043d\u0430\u0441\u043e\u0441\u043e\u0432. \u041f\u043e\u043b\u0443\u0447\u0438\u0442\u0435 \u043a\u043e\u043c\u043c\u0435\u0440\u0447\u0435\u0441\u043a\u043e\u0435 \u043f\u0440\u0435\u0434\u043b\u043e\u0436\u0435\u043d\u0438\u0435 \u0438 \u0431\u044b\u0441\u0442\u0440\u044b\u0439 \u043e\u0442\u0432\u0435\u0442 \u043e\u0442 \u043d\u0430\u0448\u0435\u0439 \u043a\u043e\u043c\u0430\u043d\u0434\u044b.\" \/>\n<meta property=\"og:url\" content=\"https:\/\/www.ektautomotive.com\/ru\/svyazhites-s-nami\/\" \/>\n<meta property=\"og:site_name\" content=\"EKT Automotive\" \/>\n<meta property=\"article:modified_time\" content=\"2025-12-09T15:23:40+00:00\" \/>\n<meta property=\"og:image\" content=\"https:\/\/www.ektautomotive.com\/wp-content\/uploads\/2025\/12\/ekt-automotive-enjektor-ve-dizel-parcalari-oring.webp\" \/>\n\t<meta property=\"og:image:width\" content=\"1201\" \/>\n\t<meta property=\"og:image:height\" content=\"676\" \/>\n\t<meta property=\"og:image:type\" content=\"image\/webp\" \/>\n<meta name=\"twitter:card\" content=\"summary_large_image\" \/>\n<meta name=\"twitter:label1\" content=\"\u041f\u0440\u0438\u043c\u0435\u0440\u043d\u043e\u0435 \u0432\u0440\u0435\u043c\u044f \u0434\u043b\u044f \u0447\u0442\u0435\u043d\u0438\u044f\" \/>\n\t<meta name=\"twitter:data1\" content=\"1 \u043c\u0438\u043d\u0443\u0442\u0430\" \/>\n<script type=\"application\/ld+json\" class=\"yoast-schema-graph\">{\"@context\":\"https:\/\/schema.org\",\"@graph\":[{\"@type\":\"WebPage\",\"@id\":\"https:\/\/www.ektautomotive.com\/ru\/svyazhites-s-nami\/\",\"url\":\"https:\/\/www.ektautomotive.com\/ru\/svyazhites-s-nami\/\",\"name\":\"\u041a\u043e\u043d\u0442\u0430\u043a\u0442\u044b EKT Automotive | \u0417\u0430\u043f\u0440\u043e\u0441 \u043f\u0440\u0435\u0434\u043b\u043e\u0436\u0435\u043d\u0438\u044f \u0438 \u043f\u043e\u0434\u0434\u0435\u0440\u0436\u043a\u0430\",\"isPartOf\":{\"@id\":\"https:\/\/www.ektautomotive.com\/ru\/#website\"},\"datePublished\":\"2021-10-12T13:27:24+00:00\",\"dateModified\":\"2025-12-09T15:23:40+00:00\",\"description\":\"\u0421\u0432\u044f\u0436\u0438\u0442\u0435\u0441\u044c \u0441 EKT Automotive \u0434\u043b\u044f \u0437\u0430\u043f\u0440\u043e\u0441\u043e\u0432 \u043f\u043e \u0437\u0430\u043f\u0447\u0430\u0441\u0442\u044f\u043c \u0434\u0438\u0437\u0435\u043b\u044c\u043d\u044b\u0445 \u0444\u043e\u0440\u0441\u0443\u043d\u043e\u043a \u0438 \u043d\u0430\u0441\u043e\u0441\u043e\u0432. \u041f\u043e\u043b\u0443\u0447\u0438\u0442\u0435 \u043a\u043e\u043c\u043c\u0435\u0440\u0447\u0435\u0441\u043a\u043e\u0435 \u043f\u0440\u0435\u0434\u043b\u043e\u0436\u0435\u043d\u0438\u0435 \u0438 \u0431\u044b\u0441\u0442\u0440\u044b\u0439 \u043e\u0442\u0432\u0435\u0442 \u043e\u0442 \u043d\u0430\u0448\u0435\u0439 \u043a\u043e\u043c\u0430\u043d\u0434\u044b.\",\"breadcrumb\":{\"@id\":\"https:\/\/www.ektautomotive.com\/ru\/svyazhites-s-nami\/#breadcrumb\"},\"inLanguage\":\"ru-RU\",\"potentialAction\":[{\"@type\":\"ReadAction\",\"target\":[\"https:\/\/www.ektautomotive.com\/ru\/svyazhites-s-nami\/\"]}]},{\"@type\":\"BreadcrumbList\",\"@id\":\"https:\/\/www.ektautomotive.com\/ru\/svyazhites-s-nami\/#breadcrumb\",\"itemListElement\":[{\"@type\":\"ListItem\",\"position\":1,\"name\":\"\u0413\u043b\u0430\u0432\u043d\u0430\u044f\",\"item\":\"https:\/\/www.ektautomotive.com\/ru\/\"},{\"@type\":\"ListItem\",\"position\":2,\"name\":\"\u0421\u0432\u044f\u0436\u0438\u0442\u0435\u0441\u044c \u0441 \u043d\u0430\u043c\u0438\"}]},{\"@type\":\"WebSite\",\"@id\":\"https:\/\/www.ektautomotive.com\/ru\/#website\",\"url\":\"https:\/\/www.ektautomotive.com\/ru\/\",\"name\":\"EKT Automotive\",\"description\":\"Dizel Enjekt\u00f6r ve Pompa Yedek Par\u00e7alar\u0131\",\"publisher\":{\"@id\":\"https:\/\/www.ektautomotive.com\/ru\/#organization\"},\"potentialAction\":[{\"@type\":\"SearchAction\",\"target\":{\"@type\":\"EntryPoint\",\"urlTemplate\":\"https:\/\/www.ektautomotive.com\/ru\/?s={search_term_string}\"},\"query-input\":{\"@type\":\"PropertyValueSpecification\",\"valueRequired\":true,\"valueName\":\"search_term_string\"}}],\"inLanguage\":\"ru-RU\"},{\"@type\":\"Organization\",\"@id\":\"https:\/\/www.ektautomotive.com\/ru\/#organization\",\"name\":\"EKT Automotive\",\"url\":\"https:\/\/www.ektautomotive.com\/ru\/\",\"logo\":{\"@type\":\"ImageObject\",\"inLanguage\":\"ru-RU\",\"@id\":\"https:\/\/www.ektautomotive.com\/ru\/#\/schema\/logo\/image\/\",\"url\":\"https:\/\/www.ektautomotive.com\/wp-content\/uploads\/2025\/11\/ekt-automotive-logo-dizel-enjektor.svg\",\"contentUrl\":\"https:\/\/www.ektautomotive.com\/wp-content\/uploads\/2025\/11\/ekt-automotive-logo-dizel-enjektor.svg\",\"width\":1629,\"height\":366,\"caption\":\"EKT Automotive\"},\"image\":{\"@id\":\"https:\/\/www.ektautomotive.com\/ru\/#\/schema\/logo\/image\/\"},\"description\":\"EKT Automotive, dizel enjekt\u00f6r ve pompa sistemleri i\u00e7in y\u00fcksek hassasiyetli yedek par\u00e7alar \u00fcreten, kalite ve g\u00fcvenilirli\u011fi \u00f6n planda tutan bir m\u00fchendislik markas\u0131d\u0131r. Ayar \u015fimleri, rakor grubu, geri d\u00f6n\u00fc\u015f hatt\u0131 par\u00e7alar\u0131 ve O-ring gibi kritik bile\u015fenlerde profesyonel \u00e7\u00f6z\u00fcmler sunarak d\u00fcnyan\u0131n farkl\u0131 b\u00f6lgelerine g\u00fcvenle tedarik sa\u011flamaktad\u0131r.\",\"email\":\"info@ektautomotive.com\",\"telephone\":\"+905449090658\",\"legalName\":\"EKT Automotive A.\u015e.\",\"foundingDate\":\"2008-01-01\",\"numberOfEmployees\":{\"@type\":\"QuantitativeValue\",\"minValue\":\"1\",\"maxValue\":\"10\"}}]}<\/script>\n<!-- \/ Yoast SEO Premium plugin. -->","yoast_head_json":{"title":"\u041a\u043e\u043d\u0442\u0430\u043a\u0442\u044b EKT Automotive | \u0417\u0430\u043f\u0440\u043e\u0441 \u043f\u0440\u0435\u0434\u043b\u043e\u0436\u0435\u043d\u0438\u044f \u0438 \u043f\u043e\u0434\u0434\u0435\u0440\u0436\u043a\u0430","description":"\u0421\u0432\u044f\u0436\u0438\u0442\u0435\u0441\u044c \u0441 EKT Automotive \u0434\u043b\u044f \u0437\u0430\u043f\u0440\u043e\u0441\u043e\u0432 \u043f\u043e \u0437\u0430\u043f\u0447\u0430\u0441\u0442\u044f\u043c \u0434\u0438\u0437\u0435\u043b\u044c\u043d\u044b\u0445 \u0444\u043e\u0440\u0441\u0443\u043d\u043e\u043a \u0438 \u043d\u0430\u0441\u043e\u0441\u043e\u0432. \u041f\u043e\u043b\u0443\u0447\u0438\u0442\u0435 \u043a\u043e\u043c\u043c\u0435\u0440\u0447\u0435\u0441\u043a\u043e\u0435 \u043f\u0440\u0435\u0434\u043b\u043e\u0436\u0435\u043d\u0438\u0435 \u0438 \u0431\u044b\u0441\u0442\u0440\u044b\u0439 \u043e\u0442\u0432\u0435\u0442 \u043e\u0442 \u043d\u0430\u0448\u0435\u0439 \u043a\u043e\u043c\u0430\u043d\u0434\u044b.","robots":{"index":"index","follow":"follow","max-snippet":"max-snippet:-1","max-image-preview":"max-image-preview:large","max-video-preview":"max-video-preview:-1"},"canonical":"https:\/\/www.ektautomotive.com\/ru\/svyazhites-s-nami\/","og_locale":"ru_RU","og_type":"article","og_title":"\u0421\u0432\u044f\u0436\u0438\u0442\u0435\u0441\u044c \u0441 \u043d\u0430\u043c\u0438","og_description":"\u0421\u0432\u044f\u0436\u0438\u0442\u0435\u0441\u044c \u0441 EKT Automotive \u0434\u043b\u044f \u0437\u0430\u043f\u0440\u043e\u0441\u043e\u0432 \u043f\u043e \u0437\u0430\u043f\u0447\u0430\u0441\u0442\u044f\u043c \u0434\u0438\u0437\u0435\u043b\u044c\u043d\u044b\u0445 \u0444\u043e\u0440\u0441\u0443\u043d\u043e\u043a \u0438 \u043d\u0430\u0441\u043e\u0441\u043e\u0432. \u041f\u043e\u043b\u0443\u0447\u0438\u0442\u0435 \u043a\u043e\u043c\u043c\u0435\u0440\u0447\u0435\u0441\u043a\u043e\u0435 \u043f\u0440\u0435\u0434\u043b\u043e\u0436\u0435\u043d\u0438\u0435 \u0438 \u0431\u044b\u0441\u0442\u0440\u044b\u0439 \u043e\u0442\u0432\u0435\u0442 \u043e\u0442 \u043d\u0430\u0448\u0435\u0439 \u043a\u043e\u043c\u0430\u043d\u0434\u044b.","og_url":"https:\/\/www.ektautomotive.com\/ru\/svyazhites-s-nami\/","og_site_name":"EKT Automotive","article_modified_time":"2025-12-09T15:23:40+00:00","og_image":[{"width":1201,"height":676,"url":"https:\/\/www.ektautomotive.com\/wp-content\/uploads\/2025\/12\/ekt-automotive-enjektor-ve-dizel-parcalari-oring.webp","type":"image\/webp"}],"twitter_card":"summary_large_image","twitter_misc":{"\u041f\u0440\u0438\u043c\u0435\u0440\u043d\u043e\u0435 \u0432\u0440\u0435\u043c\u044f \u0434\u043b\u044f \u0447\u0442\u0435\u043d\u0438\u044f":"1 \u043c\u0438\u043d\u0443\u0442\u0430"},"schema":{"@context":"https:\/\/schema.org","@graph":[{"@type":"WebPage","@id":"https:\/\/www.ektautomotive.com\/ru\/svyazhites-s-nami\/","url":"https:\/\/www.ektautomotive.com\/ru\/svyazhites-s-nami\/","name":"\u041a\u043e\u043d\u0442\u0430\u043a\u0442\u044b EKT Automotive | \u0417\u0430\u043f\u0440\u043e\u0441 \u043f\u0440\u0435\u0434\u043b\u043e\u0436\u0435\u043d\u0438\u044f \u0438 \u043f\u043e\u0434\u0434\u0435\u0440\u0436\u043a\u0430","isPartOf":{"@id":"https:\/\/www.ektautomotive.com\/ru\/#website"},"datePublished":"2021-10-12T13:27:24+00:00","dateModified":"2025-12-09T15:23:40+00:00","description":"\u0421\u0432\u044f\u0436\u0438\u0442\u0435\u0441\u044c \u0441 EKT Automotive \u0434\u043b\u044f \u0437\u0430\u043f\u0440\u043e\u0441\u043e\u0432 \u043f\u043e \u0437\u0430\u043f\u0447\u0430\u0441\u0442\u044f\u043c \u0434\u0438\u0437\u0435\u043b\u044c\u043d\u044b\u0445 \u0444\u043e\u0440\u0441\u0443\u043d\u043e\u043a \u0438 \u043d\u0430\u0441\u043e\u0441\u043e\u0432. \u041f\u043e\u043b\u0443\u0447\u0438\u0442\u0435 \u043a\u043e\u043c\u043c\u0435\u0440\u0447\u0435\u0441\u043a\u043e\u0435 \u043f\u0440\u0435\u0434\u043b\u043e\u0436\u0435\u043d\u0438\u0435 \u0438 \u0431\u044b\u0441\u0442\u0440\u044b\u0439 \u043e\u0442\u0432\u0435\u0442 \u043e\u0442 \u043d\u0430\u0448\u0435\u0439 \u043a\u043e\u043c\u0430\u043d\u0434\u044b.","breadcrumb":{"@id":"https:\/\/www.ektautomotive.com\/ru\/svyazhites-s-nami\/#breadcrumb"},"inLanguage":"ru-RU","potentialAction":[{"@type":"ReadAction","target":["https:\/\/www.ektautomotive.com\/ru\/svyazhites-s-nami\/"]}]},{"@type":"BreadcrumbList","@id":"https:\/\/www.ektautomotive.com\/ru\/svyazhites-s-nami\/#breadcrumb","itemListElement":[{"@type":"ListItem","position":1,"name":"\u0413\u043b\u0430\u0432\u043d\u0430\u044f","item":"https:\/\/www.ektautomotive.com\/ru\/"},{"@type":"ListItem","position":2,"name":"\u0421\u0432\u044f\u0436\u0438\u0442\u0435\u0441\u044c \u0441 \u043d\u0430\u043c\u0438"}]},{"@type":"WebSite","@id":"https:\/\/www.ektautomotive.com\/ru\/#website","url":"https:\/\/www.ektautomotive.com\/ru\/","name":"EKT Automotive","description":"Dizel Enjekt\u00f6r ve Pompa Yedek Par\u00e7alar\u0131","publisher":{"@id":"https:\/\/www.ektautomotive.com\/ru\/#organization"},"potentialAction":[{"@type":"SearchAction","target":{"@type":"EntryPoint","urlTemplate":"https:\/\/www.ektautomotive.com\/ru\/?s={search_term_string}"},"query-input":{"@type":"PropertyValueSpecification","valueRequired":true,"valueName":"search_term_string"}}],"inLanguage":"ru-RU"},{"@type":"Organization","@id":"https:\/\/www.ektautomotive.com\/ru\/#organization","name":"EKT Automotive","url":"https:\/\/www.ektautomotive.com\/ru\/","logo":{"@type":"ImageObject","inLanguage":"ru-RU","@id":"https:\/\/www.ektautomotive.com\/ru\/#\/schema\/logo\/image\/","url":"https:\/\/www.ektautomotive.com\/wp-content\/uploads\/2025\/11\/ekt-automotive-logo-dizel-enjektor.svg","contentUrl":"https:\/\/www.ektautomotive.com\/wp-content\/uploads\/2025\/11\/ekt-automotive-logo-dizel-enjektor.svg","width":1629,"height":366,"caption":"EKT Automotive"},"image":{"@id":"https:\/\/www.ektautomotive.com\/ru\/#\/schema\/logo\/image\/"},"description":"EKT Automotive, dizel enjekt\u00f6r ve pompa sistemleri i\u00e7in y\u00fcksek hassasiyetli yedek par\u00e7alar \u00fcreten, kalite ve g\u00fcvenilirli\u011fi \u00f6n planda tutan bir m\u00fchendislik markas\u0131d\u0131r. Ayar \u015fimleri, rakor grubu, geri d\u00f6n\u00fc\u015f hatt\u0131 par\u00e7alar\u0131 ve O-ring gibi kritik bile\u015fenlerde profesyonel \u00e7\u00f6z\u00fcmler sunarak d\u00fcnyan\u0131n farkl\u0131 b\u00f6lgelerine g\u00fcvenle tedarik sa\u011flamaktad\u0131r.","email":"info@ektautomotive.com","telephone":"+905449090658","legalName":"EKT Automotive A.\u015e.","foundingDate":"2008-01-01","numberOfEmployees":{"@type":"QuantitativeValue","minValue":"1","maxValue":"10"}}]}},"_links":{"self":[{"href":"https:\/\/www.ektautomotive.com\/ru\/wp-json\/wp\/v2\/pages\/33800","targetHints":{"allow":["GET"]}}],"collection":[{"href":"https:\/\/www.ektautomotive.com\/ru\/wp-json\/wp\/v2\/pages"}],"about":[{"href":"https:\/\/www.ektautomotive.com\/ru\/wp-json\/wp\/v2\/types\/page"}],"author":[{"embeddable":true,"href":"https:\/\/www.ektautomotive.com\/ru\/wp-json\/wp\/v2\/users\/1"}],"replies":[{"embeddable":true,"href":"https:\/\/www.ektautomotive.com\/ru\/wp-json\/wp\/v2\/comments?post=33800"}],"version-history":[{"count":9,"href":"https:\/\/www.ektautomotive.com\/ru\/wp-json\/wp\/v2\/pages\/33800\/revisions"}],"predecessor-version":[{"id":40912,"href":"https:\/\/www.ektautomotive.com\/ru\/wp-json\/wp\/v2\/pages\/33800\/revisions\/40912"}],"wp:attachment":[{"href":"https:\/\/www.ektautomotive.com\/ru\/wp-json\/wp\/v2\/media?parent=33800"}],"curies":[{"name":"wp","href":"https:\/\/api.w.org\/{rel}","templated":true}]}}