{"id":34438,"date":"2025-11-10T19:30:31","date_gmt":"2025-11-10T16:30:31","guid":{"rendered":"https:\/\/www.ektautomotive.com\/urun\/volvo-delphi-4-pin-yakit-ayar-pulu-cift-yay-077-150\/"},"modified":"2025-12-08T16:36:08","modified_gmt":"2025-12-08T13:36:08","slug":"regulirovochnaya-toplivnaya-shayba-volvo-delphi-4-pin-dvoynaya-pruzhina-077-150","status":"publish","type":"product","link":"https:\/\/www.ektautomotive.com\/ru\/produktsiya\/regulirovochnaya-toplivnaya-shayba-volvo-delphi-4-pin-dvoynaya-pruzhina-077-150\/","title":{"rendered":"\u0420\u0435\u0433\u0443\u043b\u0438\u0440\u043e\u0432\u043e\u0447\u043d\u0430\u044f \u0422\u043e\u043f\u043b\u0438\u0432\u043d\u0430\u044f \u0428\u0430\u0439\u0431\u0430 Volvo Delphi 4 Pin (\u0414\u0432\u043e\u0439\u043d\u0430\u044f \u041f\u0440\u0443\u0436\u0438\u043d\u0430)"},"content":{"rendered":"","protected":false},"excerpt":{"rendered":"<p>EKT Automotive \u0431\u043b\u0430\u0433\u043e\u0434\u0430\u0440\u044f \u0441\u043e\u0432\u0440\u0435\u043c\u0435\u043d\u043d\u043e\u0439 \u043f\u0440\u043e\u0438\u0437\u0432\u043e\u0434\u0441\u0442\u0432\u0435\u043d\u043d\u043e\u0439 \u0431\u0430\u0437\u0435 \u043c\u043e\u0436\u0435\u0442 \u0438\u0437\u0433\u043e\u0442\u0430\u0432\u043b\u0438\u0432\u0430\u0442\u044c \u043f\u0440\u043e\u0434\u0443\u043a\u0446\u0438\u044e \u043f\u043e \u0438\u043d\u0434\u0438\u0432\u0438\u0434\u0443\u0430\u043b\u044c\u043d\u044b\u043c \u0440\u0430\u0437\u043c\u0435\u0440\u0430\u043c \u0438 \u0442\u0435\u0445\u043d\u0438\u0447\u0435\u0441\u043a\u0438\u043c \u0442\u0440\u0435\u0431\u043e\u0432\u0430\u043d\u0438\u044f\u043c \u0437\u0430\u043a\u0430\u0437\u0447\u0438\u043a\u0430.<\/p>\n","protected":false},"featured_media":40820,"template":"","meta":[],"product_brand":[3275],"product_cat":[1208],"product_tag":[],"class_list":{"0":"post-34438","1":"product","2":"type-product","3":"status-publish","4":"has-post-thumbnail","6":"product_brand-bayfix","7":"product_cat-regulirovochnye-shayby","9":"first","10":"instock","11":"purchasable","12":"product-type-variable"},"yoast_head":"<!-- This site is optimized with the Yoast SEO Premium plugin v26.5 (Yoast SEO v26.5) - https:\/\/yoast.com\/wordpress\/plugins\/seo\/ -->\n<title>\u0420\u0435\u0433\u0443\u043b\u0438\u0440\u043e\u0432\u043e\u0447\u043d\u0430\u044f \u0422\u043e\u043f\u043b\u0438\u0432\u043d\u0430\u044f \u0428\u0430\u0439\u0431\u0430 Volvo Delphi 4 Pin (\u0414\u0432\u043e\u0439\u043d\u0430\u044f \u041f\u0440\u0443\u0436\u0438\u043d\u0430) - EKT Automotive<\/title>\n<meta name=\"robots\" content=\"index, follow, max-snippet:-1, max-image-preview:large, max-video-preview:-1\" \/>\n<link rel=\"canonical\" href=\"https:\/\/www.ektautomotive.com\/ru\/produktsiya\/regulirovochnaya-toplivnaya-shayba-volvo-delphi-4-pin-dvoynaya-pruzhina-077-150\/\" \/>\n<meta property=\"og:locale\" content=\"ru_RU\" \/>\n<meta property=\"og:type\" content=\"article\" \/>\n<meta property=\"og:title\" content=\"\u0420\u0435\u0433\u0443\u043b\u0438\u0440\u043e\u0432\u043e\u0447\u043d\u0430\u044f \u0422\u043e\u043f\u043b\u0438\u0432\u043d\u0430\u044f \u0428\u0430\u0439\u0431\u0430 Volvo Delphi 4 Pin (\u0414\u0432\u043e\u0439\u043d\u0430\u044f \u041f\u0440\u0443\u0436\u0438\u043d\u0430)\" \/>\n<meta property=\"og:description\" content=\"EKT Automotive \u0431\u043b\u0430\u0433\u043e\u0434\u0430\u0440\u044f \u0441\u043e\u0432\u0440\u0435\u043c\u0435\u043d\u043d\u043e\u0439 \u043f\u0440\u043e\u0438\u0437\u0432\u043e\u0434\u0441\u0442\u0432\u0435\u043d\u043d\u043e\u0439 \u0431\u0430\u0437\u0435 \u043c\u043e\u0436\u0435\u0442 \u0438\u0437\u0433\u043e\u0442\u0430\u0432\u043b\u0438\u0432\u0430\u0442\u044c \u043f\u0440\u043e\u0434\u0443\u043a\u0446\u0438\u044e \u043f\u043e \u0438\u043d\u0434\u0438\u0432\u0438\u0434\u0443\u0430\u043b\u044c\u043d\u044b\u043c \u0440\u0430\u0437\u043c\u0435\u0440\u0430\u043c \u0438 \u0442\u0435\u0445\u043d\u0438\u0447\u0435\u0441\u043a\u0438\u043c \u0442\u0440\u0435\u0431\u043e\u0432\u0430\u043d\u0438\u044f\u043c \u0437\u0430\u043a\u0430\u0437\u0447\u0438\u043a\u0430.\" \/>\n<meta property=\"og:url\" content=\"https:\/\/www.ektautomotive.com\/ru\/produktsiya\/regulirovochnaya-toplivnaya-shayba-volvo-delphi-4-pin-dvoynaya-pruzhina-077-150\/\" \/>\n<meta property=\"og:site_name\" content=\"EKT Automotive\" \/>\n<meta property=\"article:modified_time\" content=\"2025-12-08T13:36:08+00:00\" \/>\n<meta property=\"og:image\" content=\"https:\/\/www.ektautomotive.com\/wp-content\/uploads\/2025\/11\/077-150-Volvo-Delphi-4-Pin-Yakit-Ayar-Pulu-Cift-Yay.png\" \/>\n\t<meta property=\"og:image:width\" content=\"1500\" \/>\n\t<meta property=\"og:image:height\" content=\"1500\" \/>\n\t<meta property=\"og:image:type\" content=\"image\/png\" \/>\n<meta name=\"twitter:card\" content=\"summary_large_image\" \/>\n<meta name=\"twitter:label1\" content=\"\u0414\u043e\u0441\u0442\u0443\u043f\u043d\u043e\u0441\u0442\u044c\" \/>\n\t<meta name=\"twitter:data1\" content=\"\u0412 \u043d\u0430\u043b\u0438\u0447\u0438\u0438\" \/>\n<script type=\"application\/ld+json\" class=\"yoast-schema-graph\">{\"@context\":\"https:\/\/schema.org\",\"@graph\":[{\"@type\":\"WebPage\",\"@id\":\"https:\/\/www.ektautomotive.com\/ru\/produktsiya\/regulirovochnaya-toplivnaya-shayba-volvo-delphi-4-pin-dvoynaya-pruzhina-077-150\/\",\"url\":\"https:\/\/www.ektautomotive.com\/ru\/produktsiya\/regulirovochnaya-toplivnaya-shayba-volvo-delphi-4-pin-dvoynaya-pruzhina-077-150\/\",\"name\":\"\u0420\u0435\u0433\u0443\u043b\u0438\u0440\u043e\u0432\u043e\u0447\u043d\u0430\u044f \u0422\u043e\u043f\u043b\u0438\u0432\u043d\u0430\u044f \u0428\u0430\u0439\u0431\u0430 Volvo Delphi 4 Pin (\u0414\u0432\u043e\u0439\u043d\u0430\u044f \u041f\u0440\u0443\u0436\u0438\u043d\u0430) - EKT Automotive\",\"isPartOf\":{\"@id\":\"https:\/\/www.ektautomotive.com\/ru\/#website\"},\"primaryImageOfPage\":{\"@id\":\"https:\/\/www.ektautomotive.com\/ru\/produktsiya\/regulirovochnaya-toplivnaya-shayba-volvo-delphi-4-pin-dvoynaya-pruzhina-077-150\/#primaryimage\"},\"image\":{\"@id\":\"https:\/\/www.ektautomotive.com\/ru\/produktsiya\/regulirovochnaya-toplivnaya-shayba-volvo-delphi-4-pin-dvoynaya-pruzhina-077-150\/#primaryimage\"},\"thumbnailUrl\":\"https:\/\/www.ektautomotive.com\/wp-content\/uploads\/2025\/11\/077-150-Volvo-Delphi-4-Pin-Yakit-Ayar-Pulu-Cift-Yay.png\",\"datePublished\":\"2025-11-10T16:30:31+00:00\",\"dateModified\":\"2025-12-08T13:36:08+00:00\",\"breadcrumb\":{\"@id\":\"https:\/\/www.ektautomotive.com\/ru\/produktsiya\/regulirovochnaya-toplivnaya-shayba-volvo-delphi-4-pin-dvoynaya-pruzhina-077-150\/#breadcrumb\"},\"inLanguage\":\"ru-RU\",\"potentialAction\":[{\"@type\":\"ReadAction\",\"target\":[\"https:\/\/www.ektautomotive.com\/ru\/produktsiya\/regulirovochnaya-toplivnaya-shayba-volvo-delphi-4-pin-dvoynaya-pruzhina-077-150\/\"]}]},{\"@type\":\"ImageObject\",\"inLanguage\":\"ru-RU\",\"@id\":\"https:\/\/www.ektautomotive.com\/ru\/produktsiya\/regulirovochnaya-toplivnaya-shayba-volvo-delphi-4-pin-dvoynaya-pruzhina-077-150\/#primaryimage\",\"url\":\"https:\/\/www.ektautomotive.com\/wp-content\/uploads\/2025\/11\/077-150-Volvo-Delphi-4-Pin-Yakit-Ayar-Pulu-Cift-Yay.png\",\"contentUrl\":\"https:\/\/www.ektautomotive.com\/wp-content\/uploads\/2025\/11\/077-150-Volvo-Delphi-4-Pin-Yakit-Ayar-Pulu-Cift-Yay.png\",\"width\":1500,\"height\":1500},{\"@type\":\"BreadcrumbList\",\"@id\":\"https:\/\/www.ektautomotive.com\/ru\/produktsiya\/regulirovochnaya-toplivnaya-shayba-volvo-delphi-4-pin-dvoynaya-pruzhina-077-150\/#breadcrumb\",\"itemListElement\":[{\"@type\":\"ListItem\",\"position\":1,\"name\":\"\u0413\u043b\u0430\u0432\u043d\u0430\u044f\",\"item\":\"https:\/\/www.ektautomotive.com\/ru\/\"},{\"@type\":\"ListItem\",\"position\":2,\"name\":\"\u041f\u0440\u043e\u0434\u0443\u043a\u0446\u0438\u044f\",\"item\":\"https:\/\/www.ektautomotive.com\/ru\/produktsiya\/\"},{\"@type\":\"ListItem\",\"position\":3,\"name\":\"\u0420\u0435\u0433\u0443\u043b\u0438\u0440\u043e\u0432\u043e\u0447\u043d\u0430\u044f \u0422\u043e\u043f\u043b\u0438\u0432\u043d\u0430\u044f \u0428\u0430\u0439\u0431\u0430 Volvo Delphi 4 Pin (\u0414\u0432\u043e\u0439\u043d\u0430\u044f \u041f\u0440\u0443\u0436\u0438\u043d\u0430)\"}]},{\"@type\":\"WebSite\",\"@id\":\"https:\/\/www.ektautomotive.com\/ru\/#website\",\"url\":\"https:\/\/www.ektautomotive.com\/ru\/\",\"name\":\"EKT Automotive\",\"description\":\"Dizel Enjekt\u00f6r ve Pompa Yedek Par\u00e7alar\u0131\",\"publisher\":{\"@id\":\"https:\/\/www.ektautomotive.com\/ru\/#organization\"},\"potentialAction\":[{\"@type\":\"SearchAction\",\"target\":{\"@type\":\"EntryPoint\",\"urlTemplate\":\"https:\/\/www.ektautomotive.com\/ru\/?s={search_term_string}\"},\"query-input\":{\"@type\":\"PropertyValueSpecification\",\"valueRequired\":true,\"valueName\":\"search_term_string\"}}],\"inLanguage\":\"ru-RU\"},{\"@type\":\"Organization\",\"@id\":\"https:\/\/www.ektautomotive.com\/ru\/#organization\",\"name\":\"EKT Automotive\",\"url\":\"https:\/\/www.ektautomotive.com\/ru\/\",\"logo\":{\"@type\":\"ImageObject\",\"inLanguage\":\"ru-RU\",\"@id\":\"https:\/\/www.ektautomotive.com\/ru\/#\/schema\/logo\/image\/\",\"url\":\"https:\/\/www.ektautomotive.com\/wp-content\/uploads\/2025\/11\/ekt-automotive-logo-dizel-enjektor.svg\",\"contentUrl\":\"https:\/\/www.ektautomotive.com\/wp-content\/uploads\/2025\/11\/ekt-automotive-logo-dizel-enjektor.svg\",\"width\":1629,\"height\":366,\"caption\":\"EKT Automotive\"},\"image\":{\"@id\":\"https:\/\/www.ektautomotive.com\/ru\/#\/schema\/logo\/image\/\"},\"description\":\"EKT Automotive, dizel enjekt\u00f6r ve pompa sistemleri i\u00e7in y\u00fcksek hassasiyetli yedek par\u00e7alar \u00fcreten, kalite ve g\u00fcvenilirli\u011fi \u00f6n planda tutan bir m\u00fchendislik markas\u0131d\u0131r. Ayar \u015fimleri, rakor grubu, geri d\u00f6n\u00fc\u015f hatt\u0131 par\u00e7alar\u0131 ve O-ring gibi kritik bile\u015fenlerde profesyonel \u00e7\u00f6z\u00fcmler sunarak d\u00fcnyan\u0131n farkl\u0131 b\u00f6lgelerine g\u00fcvenle tedarik sa\u011flamaktad\u0131r.\",\"email\":\"info@ektautomotive.com\",\"telephone\":\"+905449090658\",\"legalName\":\"EKT Automotive A.\u015e.\",\"foundingDate\":\"2008-01-01\",\"numberOfEmployees\":{\"@type\":\"QuantitativeValue\",\"minValue\":\"1\",\"maxValue\":\"10\"}}]}<\/script>\n<meta property=\"og:availability\" content=\"instock\" \/>\n<meta property=\"product:availability\" content=\"instock\" \/>\n<meta property=\"product:retailer_item_id\" content=\"077 150\" \/>\n<meta property=\"product:condition\" content=\"new\" \/>\n<!-- \/ Yoast SEO Premium plugin. -->","yoast_head_json":{"title":"\u0420\u0435\u0433\u0443\u043b\u0438\u0440\u043e\u0432\u043e\u0447\u043d\u0430\u044f \u0422\u043e\u043f\u043b\u0438\u0432\u043d\u0430\u044f \u0428\u0430\u0439\u0431\u0430 Volvo Delphi 4 Pin (\u0414\u0432\u043e\u0439\u043d\u0430\u044f \u041f\u0440\u0443\u0436\u0438\u043d\u0430) - EKT Automotive","robots":{"index":"index","follow":"follow","max-snippet":"max-snippet:-1","max-image-preview":"max-image-preview:large","max-video-preview":"max-video-preview:-1"},"canonical":"https:\/\/www.ektautomotive.com\/ru\/produktsiya\/regulirovochnaya-toplivnaya-shayba-volvo-delphi-4-pin-dvoynaya-pruzhina-077-150\/","og_locale":"ru_RU","og_type":"article","og_title":"\u0420\u0435\u0433\u0443\u043b\u0438\u0440\u043e\u0432\u043e\u0447\u043d\u0430\u044f \u0422\u043e\u043f\u043b\u0438\u0432\u043d\u0430\u044f \u0428\u0430\u0439\u0431\u0430 Volvo Delphi 4 Pin (\u0414\u0432\u043e\u0439\u043d\u0430\u044f \u041f\u0440\u0443\u0436\u0438\u043d\u0430)","og_description":"EKT Automotive \u0431\u043b\u0430\u0433\u043e\u0434\u0430\u0440\u044f \u0441\u043e\u0432\u0440\u0435\u043c\u0435\u043d\u043d\u043e\u0439 \u043f\u0440\u043e\u0438\u0437\u0432\u043e\u0434\u0441\u0442\u0432\u0435\u043d\u043d\u043e\u0439 \u0431\u0430\u0437\u0435 \u043c\u043e\u0436\u0435\u0442 \u0438\u0437\u0433\u043e\u0442\u0430\u0432\u043b\u0438\u0432\u0430\u0442\u044c \u043f\u0440\u043e\u0434\u0443\u043a\u0446\u0438\u044e \u043f\u043e \u0438\u043d\u0434\u0438\u0432\u0438\u0434\u0443\u0430\u043b\u044c\u043d\u044b\u043c \u0440\u0430\u0437\u043c\u0435\u0440\u0430\u043c \u0438 \u0442\u0435\u0445\u043d\u0438\u0447\u0435\u0441\u043a\u0438\u043c \u0442\u0440\u0435\u0431\u043e\u0432\u0430\u043d\u0438\u044f\u043c \u0437\u0430\u043a\u0430\u0437\u0447\u0438\u043a\u0430.","og_url":"https:\/\/www.ektautomotive.com\/ru\/produktsiya\/regulirovochnaya-toplivnaya-shayba-volvo-delphi-4-pin-dvoynaya-pruzhina-077-150\/","og_site_name":"EKT Automotive","article_modified_time":"2025-12-08T13:36:08+00:00","og_image":[{"width":1500,"height":1500,"url":"https:\/\/www.ektautomotive.com\/wp-content\/uploads\/2025\/11\/077-150-Volvo-Delphi-4-Pin-Yakit-Ayar-Pulu-Cift-Yay.png","type":"image\/png"}],"twitter_card":"summary_large_image","twitter_misc":{"\u0414\u043e\u0441\u0442\u0443\u043f\u043d\u043e\u0441\u0442\u044c":"\u0412 \u043d\u0430\u043b\u0438\u0447\u0438\u0438"},"schema":{"@context":"https:\/\/schema.org","@graph":[{"@type":"WebPage","@id":"https:\/\/www.ektautomotive.com\/ru\/produktsiya\/regulirovochnaya-toplivnaya-shayba-volvo-delphi-4-pin-dvoynaya-pruzhina-077-150\/","url":"https:\/\/www.ektautomotive.com\/ru\/produktsiya\/regulirovochnaya-toplivnaya-shayba-volvo-delphi-4-pin-dvoynaya-pruzhina-077-150\/","name":"\u0420\u0435\u0433\u0443\u043b\u0438\u0440\u043e\u0432\u043e\u0447\u043d\u0430\u044f \u0422\u043e\u043f\u043b\u0438\u0432\u043d\u0430\u044f \u0428\u0430\u0439\u0431\u0430 Volvo Delphi 4 Pin (\u0414\u0432\u043e\u0439\u043d\u0430\u044f \u041f\u0440\u0443\u0436\u0438\u043d\u0430) - EKT Automotive","isPartOf":{"@id":"https:\/\/www.ektautomotive.com\/ru\/#website"},"primaryImageOfPage":{"@id":"https:\/\/www.ektautomotive.com\/ru\/produktsiya\/regulirovochnaya-toplivnaya-shayba-volvo-delphi-4-pin-dvoynaya-pruzhina-077-150\/#primaryimage"},"image":{"@id":"https:\/\/www.ektautomotive.com\/ru\/produktsiya\/regulirovochnaya-toplivnaya-shayba-volvo-delphi-4-pin-dvoynaya-pruzhina-077-150\/#primaryimage"},"thumbnailUrl":"https:\/\/www.ektautomotive.com\/wp-content\/uploads\/2025\/11\/077-150-Volvo-Delphi-4-Pin-Yakit-Ayar-Pulu-Cift-Yay.png","datePublished":"2025-11-10T16:30:31+00:00","dateModified":"2025-12-08T13:36:08+00:00","breadcrumb":{"@id":"https:\/\/www.ektautomotive.com\/ru\/produktsiya\/regulirovochnaya-toplivnaya-shayba-volvo-delphi-4-pin-dvoynaya-pruzhina-077-150\/#breadcrumb"},"inLanguage":"ru-RU","potentialAction":[{"@type":"ReadAction","target":["https:\/\/www.ektautomotive.com\/ru\/produktsiya\/regulirovochnaya-toplivnaya-shayba-volvo-delphi-4-pin-dvoynaya-pruzhina-077-150\/"]}]},{"@type":"ImageObject","inLanguage":"ru-RU","@id":"https:\/\/www.ektautomotive.com\/ru\/produktsiya\/regulirovochnaya-toplivnaya-shayba-volvo-delphi-4-pin-dvoynaya-pruzhina-077-150\/#primaryimage","url":"https:\/\/www.ektautomotive.com\/wp-content\/uploads\/2025\/11\/077-150-Volvo-Delphi-4-Pin-Yakit-Ayar-Pulu-Cift-Yay.png","contentUrl":"https:\/\/www.ektautomotive.com\/wp-content\/uploads\/2025\/11\/077-150-Volvo-Delphi-4-Pin-Yakit-Ayar-Pulu-Cift-Yay.png","width":1500,"height":1500},{"@type":"BreadcrumbList","@id":"https:\/\/www.ektautomotive.com\/ru\/produktsiya\/regulirovochnaya-toplivnaya-shayba-volvo-delphi-4-pin-dvoynaya-pruzhina-077-150\/#breadcrumb","itemListElement":[{"@type":"ListItem","position":1,"name":"\u0413\u043b\u0430\u0432\u043d\u0430\u044f","item":"https:\/\/www.ektautomotive.com\/ru\/"},{"@type":"ListItem","position":2,"name":"\u041f\u0440\u043e\u0434\u0443\u043a\u0446\u0438\u044f","item":"https:\/\/www.ektautomotive.com\/ru\/produktsiya\/"},{"@type":"ListItem","position":3,"name":"\u0420\u0435\u0433\u0443\u043b\u0438\u0440\u043e\u0432\u043e\u0447\u043d\u0430\u044f \u0422\u043e\u043f\u043b\u0438\u0432\u043d\u0430\u044f \u0428\u0430\u0439\u0431\u0430 Volvo Delphi 4 Pin (\u0414\u0432\u043e\u0439\u043d\u0430\u044f \u041f\u0440\u0443\u0436\u0438\u043d\u0430)"}]},{"@type":"WebSite","@id":"https:\/\/www.ektautomotive.com\/ru\/#website","url":"https:\/\/www.ektautomotive.com\/ru\/","name":"EKT Automotive","description":"Dizel Enjekt\u00f6r ve Pompa Yedek Par\u00e7alar\u0131","publisher":{"@id":"https:\/\/www.ektautomotive.com\/ru\/#organization"},"potentialAction":[{"@type":"SearchAction","target":{"@type":"EntryPoint","urlTemplate":"https:\/\/www.ektautomotive.com\/ru\/?s={search_term_string}"},"query-input":{"@type":"PropertyValueSpecification","valueRequired":true,"valueName":"search_term_string"}}],"inLanguage":"ru-RU"},{"@type":"Organization","@id":"https:\/\/www.ektautomotive.com\/ru\/#organization","name":"EKT Automotive","url":"https:\/\/www.ektautomotive.com\/ru\/","logo":{"@type":"ImageObject","inLanguage":"ru-RU","@id":"https:\/\/www.ektautomotive.com\/ru\/#\/schema\/logo\/image\/","url":"https:\/\/www.ektautomotive.com\/wp-content\/uploads\/2025\/11\/ekt-automotive-logo-dizel-enjektor.svg","contentUrl":"https:\/\/www.ektautomotive.com\/wp-content\/uploads\/2025\/11\/ekt-automotive-logo-dizel-enjektor.svg","width":1629,"height":366,"caption":"EKT Automotive"},"image":{"@id":"https:\/\/www.ektautomotive.com\/ru\/#\/schema\/logo\/image\/"},"description":"EKT Automotive, dizel enjekt\u00f6r ve pompa sistemleri i\u00e7in y\u00fcksek hassasiyetli yedek par\u00e7alar \u00fcreten, kalite ve g\u00fcvenilirli\u011fi \u00f6n planda tutan bir m\u00fchendislik markas\u0131d\u0131r. Ayar \u015fimleri, rakor grubu, geri d\u00f6n\u00fc\u015f hatt\u0131 par\u00e7alar\u0131 ve O-ring gibi kritik bile\u015fenlerde profesyonel \u00e7\u00f6z\u00fcmler sunarak d\u00fcnyan\u0131n farkl\u0131 b\u00f6lgelerine g\u00fcvenle tedarik sa\u011flamaktad\u0131r.","email":"info@ektautomotive.com","telephone":"+905449090658","legalName":"EKT Automotive A.\u015e.","foundingDate":"2008-01-01","numberOfEmployees":{"@type":"QuantitativeValue","minValue":"1","maxValue":"10"}}]},"og_availability":"instock","product_availability":"instock","product_retailer_item_id":"077 150","product_condition":"new"},"_links":{"self":[{"href":"https:\/\/www.ektautomotive.com\/ru\/wp-json\/wp\/v2\/product\/34438","targetHints":{"allow":["GET"]}}],"collection":[{"href":"https:\/\/www.ektautomotive.com\/ru\/wp-json\/wp\/v2\/product"}],"about":[{"href":"https:\/\/www.ektautomotive.com\/ru\/wp-json\/wp\/v2\/types\/product"}],"version-history":[{"count":1,"href":"https:\/\/www.ektautomotive.com\/ru\/wp-json\/wp\/v2\/product\/34438\/revisions"}],"predecessor-version":[{"id":40017,"href":"https:\/\/www.ektautomotive.com\/ru\/wp-json\/wp\/v2\/product\/34438\/revisions\/40017"}],"wp:featuredmedia":[{"embeddable":true,"href":"https:\/\/www.ektautomotive.com\/ru\/wp-json\/wp\/v2\/media\/40820"}],"wp:attachment":[{"href":"https:\/\/www.ektautomotive.com\/ru\/wp-json\/wp\/v2\/media?parent=34438"}],"wp:term":[{"taxonomy":"product_brand","embeddable":true,"href":"https:\/\/www.ektautomotive.com\/ru\/wp-json\/wp\/v2\/product_brand?post=34438"},{"taxonomy":"product_cat","embeddable":true,"href":"https:\/\/www.ektautomotive.com\/ru\/wp-json\/wp\/v2\/product_cat?post=34438"},{"taxonomy":"product_tag","embeddable":true,"href":"https:\/\/www.ektautomotive.com\/ru\/wp-json\/wp\/v2\/product_tag?post=34438"}],"curies":[{"name":"wp","href":"https:\/\/api.w.org\/{rel}","templated":true}]}}