{"id":37998,"date":"2025-11-12T20:27:54","date_gmt":"2025-11-12T17:27:54","guid":{"rendered":"https:\/\/www.ektautomotive.com\/urun\/bakir-pul-980-097\/"},"modified":"2025-12-03T13:56:04","modified_gmt":"2025-12-03T10:56:04","slug":"mednaya-shajba-980-097","status":"publish","type":"product","link":"https:\/\/www.ektautomotive.com\/ru\/produktsiya\/mednaya-shajba-980-097\/","title":{"rendered":"\u041c\u0435\u0434\u043d\u0430\u044f \u0448\u0430\u0439\u0431\u0430"},"content":{"rendered":"","protected":false},"excerpt":{"rendered":"","protected":false},"featured_media":32545,"template":"","meta":[],"product_brand":[3275],"product_cat":[1248],"product_tag":[],"class_list":{"0":"post-37998","1":"product","2":"type-product","3":"status-publish","4":"has-post-thumbnail","6":"product_brand-bayfix","7":"product_cat-tipy-shayb","9":"first","10":"instock","11":"purchasable","12":"product-type-simple"},"yoast_head":"<!-- This site is optimized with the Yoast SEO Premium plugin v26.5 (Yoast SEO v26.5) - https:\/\/yoast.com\/wordpress\/plugins\/seo\/ -->\n<title>\u041c\u0435\u0434\u043d\u0430\u044f \u0448\u0430\u0439\u0431\u0430 - EKT Automotive<\/title>\n<meta name=\"robots\" content=\"index, follow, max-snippet:-1, max-image-preview:large, max-video-preview:-1\" \/>\n<link rel=\"canonical\" href=\"https:\/\/www.ektautomotive.com\/ru\/produktsiya\/mednaya-shajba-980-097\/\" \/>\n<meta property=\"og:locale\" content=\"ru_RU\" \/>\n<meta property=\"og:type\" content=\"article\" \/>\n<meta property=\"og:title\" content=\"\u041c\u0435\u0434\u043d\u0430\u044f \u0448\u0430\u0439\u0431\u0430\" \/>\n<meta property=\"og:url\" content=\"https:\/\/www.ektautomotive.com\/ru\/produktsiya\/mednaya-shajba-980-097\/\" \/>\n<meta property=\"og:site_name\" content=\"EKT Automotive\" \/>\n<meta property=\"article:modified_time\" content=\"2025-12-03T10:56:04+00:00\" \/>\n<meta property=\"og:image\" content=\"https:\/\/www.ektautomotive.com\/wp-content\/uploads\/2025\/11\/980-097-Bayfix-Bakir-pul-207244.png\" \/>\n\t<meta property=\"og:image:width\" content=\"1500\" \/>\n\t<meta property=\"og:image:height\" content=\"1500\" \/>\n\t<meta property=\"og:image:type\" content=\"image\/png\" \/>\n<meta name=\"twitter:card\" content=\"summary_large_image\" \/>\n<meta name=\"twitter:label1\" content=\"\u0426\u0435\u043d\u0430\" \/>\n\t<meta name=\"twitter:data1\" content=\"1,00&nbsp;&#8381;\" \/>\n\t<meta name=\"twitter:label2\" content=\"\u0414\u043e\u0441\u0442\u0443\u043f\u043d\u043e\u0441\u0442\u044c\" \/>\n\t<meta name=\"twitter:data2\" content=\"\u0412 \u043d\u0430\u043b\u0438\u0447\u0438\u0438\" \/>\n<script type=\"application\/ld+json\" class=\"yoast-schema-graph\">{\"@context\":\"https:\/\/schema.org\",\"@graph\":[{\"@type\":\"WebPage\",\"@id\":\"https:\/\/www.ektautomotive.com\/ru\/produktsiya\/mednaya-shajba-980-097\/\",\"url\":\"https:\/\/www.ektautomotive.com\/ru\/produktsiya\/mednaya-shajba-980-097\/\",\"name\":\"\u041c\u0435\u0434\u043d\u0430\u044f \u0448\u0430\u0439\u0431\u0430 - EKT Automotive\",\"isPartOf\":{\"@id\":\"https:\/\/www.ektautomotive.com\/ru\/#website\"},\"primaryImageOfPage\":{\"@id\":\"https:\/\/www.ektautomotive.com\/ru\/produktsiya\/mednaya-shajba-980-097\/#primaryimage\"},\"image\":{\"@id\":\"https:\/\/www.ektautomotive.com\/ru\/produktsiya\/mednaya-shajba-980-097\/#primaryimage\"},\"thumbnailUrl\":\"https:\/\/www.ektautomotive.com\/wp-content\/uploads\/2025\/11\/980-097-Bayfix-Bakir-pul-207244.png\",\"datePublished\":\"2025-11-12T17:27:54+00:00\",\"dateModified\":\"2025-12-03T10:56:04+00:00\",\"breadcrumb\":{\"@id\":\"https:\/\/www.ektautomotive.com\/ru\/produktsiya\/mednaya-shajba-980-097\/#breadcrumb\"},\"inLanguage\":\"ru-RU\",\"potentialAction\":[{\"@type\":\"ReadAction\",\"target\":[\"https:\/\/www.ektautomotive.com\/ru\/produktsiya\/mednaya-shajba-980-097\/\"]}]},{\"@type\":\"ImageObject\",\"inLanguage\":\"ru-RU\",\"@id\":\"https:\/\/www.ektautomotive.com\/ru\/produktsiya\/mednaya-shajba-980-097\/#primaryimage\",\"url\":\"https:\/\/www.ektautomotive.com\/wp-content\/uploads\/2025\/11\/980-097-Bayfix-Bakir-pul-207244.png\",\"contentUrl\":\"https:\/\/www.ektautomotive.com\/wp-content\/uploads\/2025\/11\/980-097-Bayfix-Bakir-pul-207244.png\",\"width\":1500,\"height\":1500},{\"@type\":\"BreadcrumbList\",\"@id\":\"https:\/\/www.ektautomotive.com\/ru\/produktsiya\/mednaya-shajba-980-097\/#breadcrumb\",\"itemListElement\":[{\"@type\":\"ListItem\",\"position\":1,\"name\":\"\u0413\u043b\u0430\u0432\u043d\u0430\u044f\",\"item\":\"https:\/\/www.ektautomotive.com\/ru\/\"},{\"@type\":\"ListItem\",\"position\":2,\"name\":\"\u041f\u0440\u043e\u0434\u0443\u043a\u0446\u0438\u044f\",\"item\":\"https:\/\/www.ektautomotive.com\/ru\/produktsiya\/\"},{\"@type\":\"ListItem\",\"position\":3,\"name\":\"\u041c\u0435\u0434\u043d\u0430\u044f \u0448\u0430\u0439\u0431\u0430\"}]},{\"@type\":\"WebSite\",\"@id\":\"https:\/\/www.ektautomotive.com\/ru\/#website\",\"url\":\"https:\/\/www.ektautomotive.com\/ru\/\",\"name\":\"EKT Automotive\",\"description\":\"Dizel Enjekt\u00f6r ve Pompa Yedek Par\u00e7alar\u0131\",\"publisher\":{\"@id\":\"https:\/\/www.ektautomotive.com\/ru\/#organization\"},\"potentialAction\":[{\"@type\":\"SearchAction\",\"target\":{\"@type\":\"EntryPoint\",\"urlTemplate\":\"https:\/\/www.ektautomotive.com\/ru\/?s={search_term_string}\"},\"query-input\":{\"@type\":\"PropertyValueSpecification\",\"valueRequired\":true,\"valueName\":\"search_term_string\"}}],\"inLanguage\":\"ru-RU\"},{\"@type\":\"Organization\",\"@id\":\"https:\/\/www.ektautomotive.com\/ru\/#organization\",\"name\":\"EKT Automotive\",\"url\":\"https:\/\/www.ektautomotive.com\/ru\/\",\"logo\":{\"@type\":\"ImageObject\",\"inLanguage\":\"ru-RU\",\"@id\":\"https:\/\/www.ektautomotive.com\/ru\/#\/schema\/logo\/image\/\",\"url\":\"https:\/\/www.ektautomotive.com\/wp-content\/uploads\/2025\/11\/ekt-automotive-logo-dizel-enjektor.svg\",\"contentUrl\":\"https:\/\/www.ektautomotive.com\/wp-content\/uploads\/2025\/11\/ekt-automotive-logo-dizel-enjektor.svg\",\"width\":1629,\"height\":366,\"caption\":\"EKT Automotive\"},\"image\":{\"@id\":\"https:\/\/www.ektautomotive.com\/ru\/#\/schema\/logo\/image\/\"},\"description\":\"EKT Automotive, dizel enjekt\u00f6r ve pompa sistemleri i\u00e7in y\u00fcksek hassasiyetli yedek par\u00e7alar \u00fcreten, kalite ve g\u00fcvenilirli\u011fi \u00f6n planda tutan bir m\u00fchendislik markas\u0131d\u0131r. Ayar \u015fimleri, rakor grubu, geri d\u00f6n\u00fc\u015f hatt\u0131 par\u00e7alar\u0131 ve O-ring gibi kritik bile\u015fenlerde profesyonel \u00e7\u00f6z\u00fcmler sunarak d\u00fcnyan\u0131n farkl\u0131 b\u00f6lgelerine g\u00fcvenle tedarik sa\u011flamaktad\u0131r.\",\"email\":\"info@ektautomotive.com\",\"telephone\":\"+905449090658\",\"legalName\":\"EKT Automotive A.\u015e.\",\"foundingDate\":\"2008-01-01\",\"numberOfEmployees\":{\"@type\":\"QuantitativeValue\",\"minValue\":\"1\",\"maxValue\":\"10\"}}]}<\/script>\n<meta property=\"product:price:amount\" content=\"1.00\" \/>\n<meta property=\"product:price:currency\" content=\"RUB\" \/>\n<meta property=\"og:availability\" content=\"instock\" \/>\n<meta property=\"product:availability\" content=\"instock\" \/>\n<meta property=\"product:retailer_item_id\" content=\"980 097\" \/>\n<meta property=\"product:condition\" content=\"new\" \/>\n<!-- \/ Yoast SEO Premium plugin. -->","yoast_head_json":{"title":"\u041c\u0435\u0434\u043d\u0430\u044f \u0448\u0430\u0439\u0431\u0430 - EKT Automotive","robots":{"index":"index","follow":"follow","max-snippet":"max-snippet:-1","max-image-preview":"max-image-preview:large","max-video-preview":"max-video-preview:-1"},"canonical":"https:\/\/www.ektautomotive.com\/ru\/produktsiya\/mednaya-shajba-980-097\/","og_locale":"ru_RU","og_type":"article","og_title":"\u041c\u0435\u0434\u043d\u0430\u044f \u0448\u0430\u0439\u0431\u0430","og_url":"https:\/\/www.ektautomotive.com\/ru\/produktsiya\/mednaya-shajba-980-097\/","og_site_name":"EKT Automotive","article_modified_time":"2025-12-03T10:56:04+00:00","og_image":[{"width":1500,"height":1500,"url":"https:\/\/www.ektautomotive.com\/wp-content\/uploads\/2025\/11\/980-097-Bayfix-Bakir-pul-207244.png","type":"image\/png"}],"twitter_card":"summary_large_image","twitter_misc":{"\u0426\u0435\u043d\u0430":"1,00&nbsp;&#8381;","\u0414\u043e\u0441\u0442\u0443\u043f\u043d\u043e\u0441\u0442\u044c":"\u0412 \u043d\u0430\u043b\u0438\u0447\u0438\u0438"},"schema":{"@context":"https:\/\/schema.org","@graph":[{"@type":"WebPage","@id":"https:\/\/www.ektautomotive.com\/ru\/produktsiya\/mednaya-shajba-980-097\/","url":"https:\/\/www.ektautomotive.com\/ru\/produktsiya\/mednaya-shajba-980-097\/","name":"\u041c\u0435\u0434\u043d\u0430\u044f \u0448\u0430\u0439\u0431\u0430 - EKT Automotive","isPartOf":{"@id":"https:\/\/www.ektautomotive.com\/ru\/#website"},"primaryImageOfPage":{"@id":"https:\/\/www.ektautomotive.com\/ru\/produktsiya\/mednaya-shajba-980-097\/#primaryimage"},"image":{"@id":"https:\/\/www.ektautomotive.com\/ru\/produktsiya\/mednaya-shajba-980-097\/#primaryimage"},"thumbnailUrl":"https:\/\/www.ektautomotive.com\/wp-content\/uploads\/2025\/11\/980-097-Bayfix-Bakir-pul-207244.png","datePublished":"2025-11-12T17:27:54+00:00","dateModified":"2025-12-03T10:56:04+00:00","breadcrumb":{"@id":"https:\/\/www.ektautomotive.com\/ru\/produktsiya\/mednaya-shajba-980-097\/#breadcrumb"},"inLanguage":"ru-RU","potentialAction":[{"@type":"ReadAction","target":["https:\/\/www.ektautomotive.com\/ru\/produktsiya\/mednaya-shajba-980-097\/"]}]},{"@type":"ImageObject","inLanguage":"ru-RU","@id":"https:\/\/www.ektautomotive.com\/ru\/produktsiya\/mednaya-shajba-980-097\/#primaryimage","url":"https:\/\/www.ektautomotive.com\/wp-content\/uploads\/2025\/11\/980-097-Bayfix-Bakir-pul-207244.png","contentUrl":"https:\/\/www.ektautomotive.com\/wp-content\/uploads\/2025\/11\/980-097-Bayfix-Bakir-pul-207244.png","width":1500,"height":1500},{"@type":"BreadcrumbList","@id":"https:\/\/www.ektautomotive.com\/ru\/produktsiya\/mednaya-shajba-980-097\/#breadcrumb","itemListElement":[{"@type":"ListItem","position":1,"name":"\u0413\u043b\u0430\u0432\u043d\u0430\u044f","item":"https:\/\/www.ektautomotive.com\/ru\/"},{"@type":"ListItem","position":2,"name":"\u041f\u0440\u043e\u0434\u0443\u043a\u0446\u0438\u044f","item":"https:\/\/www.ektautomotive.com\/ru\/produktsiya\/"},{"@type":"ListItem","position":3,"name":"\u041c\u0435\u0434\u043d\u0430\u044f \u0448\u0430\u0439\u0431\u0430"}]},{"@type":"WebSite","@id":"https:\/\/www.ektautomotive.com\/ru\/#website","url":"https:\/\/www.ektautomotive.com\/ru\/","name":"EKT Automotive","description":"Dizel Enjekt\u00f6r ve Pompa Yedek Par\u00e7alar\u0131","publisher":{"@id":"https:\/\/www.ektautomotive.com\/ru\/#organization"},"potentialAction":[{"@type":"SearchAction","target":{"@type":"EntryPoint","urlTemplate":"https:\/\/www.ektautomotive.com\/ru\/?s={search_term_string}"},"query-input":{"@type":"PropertyValueSpecification","valueRequired":true,"valueName":"search_term_string"}}],"inLanguage":"ru-RU"},{"@type":"Organization","@id":"https:\/\/www.ektautomotive.com\/ru\/#organization","name":"EKT Automotive","url":"https:\/\/www.ektautomotive.com\/ru\/","logo":{"@type":"ImageObject","inLanguage":"ru-RU","@id":"https:\/\/www.ektautomotive.com\/ru\/#\/schema\/logo\/image\/","url":"https:\/\/www.ektautomotive.com\/wp-content\/uploads\/2025\/11\/ekt-automotive-logo-dizel-enjektor.svg","contentUrl":"https:\/\/www.ektautomotive.com\/wp-content\/uploads\/2025\/11\/ekt-automotive-logo-dizel-enjektor.svg","width":1629,"height":366,"caption":"EKT Automotive"},"image":{"@id":"https:\/\/www.ektautomotive.com\/ru\/#\/schema\/logo\/image\/"},"description":"EKT Automotive, dizel enjekt\u00f6r ve pompa sistemleri i\u00e7in y\u00fcksek hassasiyetli yedek par\u00e7alar \u00fcreten, kalite ve g\u00fcvenilirli\u011fi \u00f6n planda tutan bir m\u00fchendislik markas\u0131d\u0131r. Ayar \u015fimleri, rakor grubu, geri d\u00f6n\u00fc\u015f hatt\u0131 par\u00e7alar\u0131 ve O-ring gibi kritik bile\u015fenlerde profesyonel \u00e7\u00f6z\u00fcmler sunarak d\u00fcnyan\u0131n farkl\u0131 b\u00f6lgelerine g\u00fcvenle tedarik sa\u011flamaktad\u0131r.","email":"info@ektautomotive.com","telephone":"+905449090658","legalName":"EKT Automotive A.\u015e.","foundingDate":"2008-01-01","numberOfEmployees":{"@type":"QuantitativeValue","minValue":"1","maxValue":"10"}}]},"product_price_amount":"1.00","product_price_currency":"RUB","og_availability":"instock","product_availability":"instock","product_retailer_item_id":"980 097","product_condition":"new"},"_links":{"self":[{"href":"https:\/\/www.ektautomotive.com\/ru\/wp-json\/wp\/v2\/product\/37998","targetHints":{"allow":["GET"]}}],"collection":[{"href":"https:\/\/www.ektautomotive.com\/ru\/wp-json\/wp\/v2\/product"}],"about":[{"href":"https:\/\/www.ektautomotive.com\/ru\/wp-json\/wp\/v2\/types\/product"}],"version-history":[{"count":1,"href":"https:\/\/www.ektautomotive.com\/ru\/wp-json\/wp\/v2\/product\/37998\/revisions"}],"predecessor-version":[{"id":40653,"href":"https:\/\/www.ektautomotive.com\/ru\/wp-json\/wp\/v2\/product\/37998\/revisions\/40653"}],"wp:featuredmedia":[{"embeddable":true,"href":"https:\/\/www.ektautomotive.com\/ru\/wp-json\/wp\/v2\/media\/32545"}],"wp:attachment":[{"href":"https:\/\/www.ektautomotive.com\/ru\/wp-json\/wp\/v2\/media?parent=37998"}],"wp:term":[{"taxonomy":"product_brand","embeddable":true,"href":"https:\/\/www.ektautomotive.com\/ru\/wp-json\/wp\/v2\/product_brand?post=37998"},{"taxonomy":"product_cat","embeddable":true,"href":"https:\/\/www.ektautomotive.com\/ru\/wp-json\/wp\/v2\/product_cat?post=37998"},{"taxonomy":"product_tag","embeddable":true,"href":"https:\/\/www.ektautomotive.com\/ru\/wp-json\/wp\/v2\/product_tag?post=37998"}],"curies":[{"name":"wp","href":"https:\/\/api.w.org\/{rel}","templated":true}]}}